{"id":5920,"date":"2021-01-05T17:53:31","date_gmt":"2021-01-05T16:53:31","guid":{"rendered":"https:\/\/www.packr.com\/a-propos-de-nous\/"},"modified":"2025-07-02T17:52:28","modified_gmt":"2025-07-02T15:52:28","slug":"uber-uns","status":"publish","type":"page","link":"https:\/\/www.packr.com\/de\/uber-uns\/","title":{"rendered":"\u00dcber uns"},"content":{"rendered":"<div class=\"wpb-content-wrapper\"><p>[vc_row row_height_percent=&#8220;0&#8243; back_color=&#8220;color-489153&#8243; overlay_alpha=&#8220;50&#8243; gutter_size=&#8220;3&#8243; column_width_percent=&#8220;100&#8243; shift_y=&#8220;0&#8243; z_index=&#8220;0&#8243;][vc_column column_width_percent=&#8220;100&#8243; gutter_size=&#8220;2&#8243; overlay_alpha=&#8220;50&#8243; shift_x=&#8220;0&#8243; shift_y=&#8220;0&#8243; shift_y_down=&#8220;0&#8243; z_index=&#8220;0&#8243; medium_width=&#8220;0&#8243; mobile_width=&#8220;0&#8243; width=&#8220;1\/1&#8243; el_id=&#8220;header_cont_indus&#8220;][vc_column_text]<span><span><a href=\"https:\/\/www.packr.com\/de\/\">Startseite<\/a><\/span><\/span>[\/vc_column_text][vc_row_inner row_inner_height_percent=&#8220;0&#8243; overlay_alpha=&#8220;50&#8243; equal_height=&#8220;yes&#8220; gutter_size=&#8220;3&#8243; shift_y=&#8220;0&#8243; z_index=&#8220;0&#8243; limit_content=&#8220;&#8220;][vc_column_inner column_width_percent=&#8220;100&#8243; gutter_size=&#8220;3&#8243; overlay_alpha=&#8220;50&#8243; shift_x=&#8220;0&#8243; shift_y=&#8220;0&#8243; shift_y_down=&#8220;0&#8243; z_index=&#8220;0&#8243; medium_width=&#8220;0&#8243; mobile_width=&#8220;0&#8243; width=&#8220;2\/3&#8243; css=&#8220;.vc_custom_1609930952939{padding-top: 20px !important;}&#8220;][vc_custom_heading heading_semantic=&#8220;h1&#8243; text_size=&#8220;h1&#8243; sub_lead=&#8220;yes&#8220; subheading=&#8220;Unser Unternehmen&#8220;]\u00dcber uns[\/vc_custom_heading][vc_column_text uncode_shortcode_id=&#8220;627762&#8243;]Die Gruppe PACK\u2019R<strong> stellt seit \u00fcber 35 Jahren Abf\u00fcll- und Verschlussanlagen<\/strong> f\u00fcr komplexe fl\u00fcssige Produkte her.<\/p>\n<p>Die Identit\u00e4t von PACK\u2018R beruht auf:<\/p>\n<ul>\n<li>\u00dcber 1400 Maschinen und komplette Produktionslinien sind auf der ganzen Welt installiert<\/li>\n<li>PACK\u2018R-Maschinen werden in \u00fcber 50 L\u00e4nder (auf jedem Kontinent) geliefert<\/li>\n<li>Besuche vor Ort und Unterst\u00fctzung durch qualifizierte Techniker.<\/li>\n<\/ul>\n<p>[\/vc_column_text][\/vc_column_inner][vc_column_inner column_width_percent=&#8220;100&#8243; position_vertical=&#8220;middle&#8220; align_horizontal=&#8220;align_center&#8220; gutter_size=&#8220;3&#8243; override_padding=&#8220;yes&#8220; column_padding=&#8220;0&#8243; style=&#8220;dark&#8220; back_image=&#8220;5921&#8243; overlay_alpha=&#8220;50&#8243; shift_x=&#8220;0&#8243; shift_y=&#8220;0&#8243; shift_y_down=&#8220;0&#8243; z_index=&#8220;0&#8243; medium_width=&#8220;0&#8243; mobile_width=&#8220;0&#8243; width=&#8220;1\/3&#8243; el_class=&#8220;img-header-about&#8220;][vc_button button_color=&#8220;color-blanc&#8220; border_width=&#8220;0&#8243; icon=&#8220;fa fa-play2&#8243; media_lightbox=&#8220;3230&#8243; el_class=&#8220;btn_shadow&#8220; link=&#8220;target:_blank&#8220; button_color_type=&#8220;uncode-palette&#8220; uncode_shortcode_id=&#8220;128037&#8243;]Video anschauen[\/vc_button][\/vc_column_inner][\/vc_row_inner][\/vc_column][\/vc_row][vc_row row_height_percent=&#8220;0&#8243; override_padding=&#8220;yes&#8220; h_padding=&#8220;2&#8243; top_padding=&#8220;3&#8243; bottom_padding=&#8220;2&#8243; overlay_alpha=&#8220;50&#8243; gutter_size=&#8220;3&#8243; column_width_percent=&#8220;100&#8243; shift_y=&#8220;0&#8243; z_index=&#8220;0&#8243;][vc_column column_width_percent=&#8220;100&#8243; position_vertical=&#8220;middle&#8220; gutter_size=&#8220;3&#8243; overlay_alpha=&#8220;50&#8243; shift_x=&#8220;0&#8243; shift_y=&#8220;0&#8243; shift_y_down=&#8220;0&#8243; z_index=&#8220;0&#8243; medium_width=&#8220;0&#8243; mobile_width=&#8220;0&#8243; width=&#8220;1\/2&#8243; el_id=&#8220;societe_intro_photo&#8220;][vc_single_image media=&#8220;867&#8243; media_width_percent=&#8220;100&#8243;][\/vc_column][vc_column column_width_percent=&#8220;100&#8243; position_vertical=&#8220;middle&#8220; gutter_size=&#8220;3&#8243; overlay_alpha=&#8220;50&#8243; shift_x=&#8220;0&#8243; shift_y=&#8220;0&#8243; shift_y_down=&#8220;0&#8243; z_index=&#8220;0&#8243; medium_width=&#8220;0&#8243; mobile_width=&#8220;0&#8243; width=&#8220;1\/2&#8243;][vc_column_text uncode_shortcode_id=&#8220;155887&#8243;]PACK\u2018R wurde <strong>1989<\/strong> in Frankreich gegr\u00fcndet und entwickelt und produziert <strong>Abf\u00fcllmaschinen f\u00fcr Fl\u00fcssigkeiten<\/strong> f\u00fcr verschiedene Branchen. Seit unseren Anf\u00e4ngen arbeiten wir st\u00e4ndig an der Forschung und Entwicklung, um unsere Maschinen zu verbessern. Unter anderem haben wir <strong>Monobloc<\/strong>-Abf\u00fcllmaschinen entwickelt und unser Verschlusssystem Brushless, das Clean &amp; Play-Prinzip usw. <strong>patentieren lassen<\/strong>.<\/p>\n<p>Heute ist PACK\u2018R als Spezialist f\u00fcr Abf\u00fcllmaschinen f\u00fcr Fl\u00fcssigkeiten bekannt. Unsere kundenspezifischen Design- und Fertigungskapazit\u00e4ten sind un\u00fcbertroffen. Wir sind bestrebt, Abf\u00fcllmaschinen<strong> h\u00f6chster Qualit\u00e4t<\/strong> bereitzustellen, unterst\u00fctzt von einem Team<strong> hochqualifizierter Techniker<\/strong>. Wir streben st\u00e4ndig danach, unser Ziel einer 100 %igen Kundenzufriedenheit bei jedem Projekt, das wir durchf\u00fchren, und bei jedem Kunden, mit dem wir zusammenarbeiten, zu erreichen. Wir sind weltweit daf\u00fcr bekannt, fortschrittliche Technologien f\u00fcr <strong>komplexe Produkte<\/strong> zu entwickeln, wie zum Beispiel unsere Ausf\u00fchrungen f\u00fcr explosionsf\u00e4hige Atmosph\u00e4ren (ATEX Explosion Proof Designs).[\/vc_column_text][\/vc_column][\/vc_row][vc_row][vc_column column_width_percent=&#8220;100&#8243; align_horizontal=&#8220;align_center&#8220; gutter_size=&#8220;3&#8243; overlay_alpha=&#8220;50&#8243; shift_x=&#8220;0&#8243; shift_y=&#8220;0&#8243; shift_y_down=&#8220;0&#8243; z_index=&#8220;0&#8243; medium_width=&#8220;0&#8243; mobile_width=&#8220;0&#8243; width=&#8220;1\/1&#8243;][vc_custom_heading text_size=&#8220;h1&#8243; sub_lead=&#8220;yes&#8220; subheading=&#8220;PACK\u2018R im Laufe der Zeit&#8220;]Unsere Geschichte[\/vc_custom_heading][\/vc_column][\/vc_row][vc_row row_height_percent=&#8220;0&#8243; override_padding=&#8220;yes&#8220; h_padding=&#8220;2&#8243; top_padding=&#8220;2&#8243; bottom_padding=&#8220;4&#8243; overlay_alpha=&#8220;50&#8243; gutter_size=&#8220;3&#8243; column_width_percent=&#8220;100&#8243; shift_y=&#8220;0&#8243; z_index=&#8220;0&#8243;][vc_column column_width_percent=&#8220;100&#8243; gutter_size=&#8220;3&#8243; overlay_alpha=&#8220;50&#8243; shift_x=&#8220;0&#8243; shift_y=&#8220;0&#8243; shift_y_down=&#8220;0&#8243; z_index=&#8220;0&#8243; medium_width=&#8220;0&#8243; mobile_width=&#8220;0&#8243; width=&#8220;1\/1&#8243; el_id=&#8220;societe_frise&#8220;][vc_icon position=&#8220;left&#8220; icon=&#8220;fa fa-rocket2&#8243; size=&#8220;fa-2x&#8220; heading_semantic=&#8220;h6&#8243; text_size=&#8220;h5&#8243; title=&#8220;1989&#8243;]Gr\u00fcndung von PACK\u2018R durch Pierre GUILLON; die ersten verkauften Maschinen waren f\u00fcr Pflanzen\u00f6l konzipiert[\/vc_icon][vc_icon position=&#8220;left&#8220; icon=&#8220;fa fa-checkmark-circle&#8220; size=&#8220;fa-2x&#8220; heading_semantic=&#8220;h6&#8243; text_size=&#8220;h5&#8243; title=&#8220;1992&#8243;]Einf\u00fchrung der Monobloc Hochgeschwindigkeitsabf\u00fcll- und verschlussmaschinen[\/vc_icon][vc_icon position=&#8220;left&#8220; icon=&#8220;fa fa-license&#8220; size=&#8220;fa-2x&#8220; heading_semantic=&#8220;h6&#8243; text_size=&#8220;h5&#8243; title=&#8220;1997&#8243;]Patent f\u00fcr das Verschlusssystem BRUSHLESS PACK\u2018R.[\/vc_icon][vc_icon position=&#8220;left&#8220; icon=&#8220;fa fa-apartment&#8220; size=&#8220;fa-2x&#8220; heading_semantic=&#8220;h6&#8243; text_size=&#8220;h5&#8243; title=&#8220;1999&#8243;]Umzug in unsere derzeitigen R\u00e4umlichkeiten in der N\u00e4he von Angers (Frankreich) und Einf\u00fchrung der Abf\u00fcllmaschinen f\u00fcr F\u00e4sser[\/vc_icon][vc_icon position=&#8220;left&#8220; icon=&#8220;fa fa-license&#8220; size=&#8220;fa-2x&#8220; heading_semantic=&#8220;h6&#8243; text_size=&#8220;h5&#8243; title=&#8220;2004&#8243;]Patent f\u00fcr das Reinigungssystem \u201eClean &amp; Play\u201c und das Werkzeugsystem \u201eClick &amp; Play\u201c[\/vc_icon][vc_icon position=&#8220;left&#8220; icon=&#8220;fa fa-map-marker2&#8243; size=&#8220;fa-2x&#8220; heading_semantic=&#8220;h6&#8243; text_size=&#8220;h5&#8243; title=&#8220;2008&#8243;]Gr\u00fcndung des Tochterunternehmens PACK\u2018R North America mit Sitz in Atlanta (USA)[\/vc_icon][vc_icon position=&#8220;left&#8220; icon=&#8220;fa fa-apartment&#8220; size=&#8220;fa-2x&#8220; heading_semantic=&#8220;h6&#8243; text_size=&#8220;h5&#8243; title=&#8220;2011&#8243;]Erste Erweiterung der PACK\u2018R-Werkstattgeb\u00e4ude in Frankreich (+ 2.200 m\u00b2)[\/vc_icon][vc_icon position=&#8220;left&#8220; icon=&#8220;fa fa-map-marker2&#8243; size=&#8220;fa-2x&#8220; heading_semantic=&#8220;h6&#8243; text_size=&#8220;h5&#8243; title=&#8220;2013&#8243;]Gr\u00fcndung des Tochterunternehmens PACK\u2018R Asia mit Sitz in Singapur[\/vc_icon][vc_icon position=&#8220;left&#8220; icon=&#8220;fa fa-apartment&#8220; size=&#8220;fa-2x&#8220; heading_semantic=&#8220;h6&#8243; text_size=&#8220;h5&#8243; title=&#8220;2015&#8243;]Zweite Erweiterung der Geb\u00e4ude in Frankreich (+ 2.200 m\u00b2)[\/vc_icon][vc_icon position=&#8220;left&#8220; icon=&#8220;fa fa-user3&#8243; size=&#8220;fa-2x&#8220; heading_semantic=&#8220;h6&#8243; text_size=&#8220;h5&#8243; title=&#8220;2016&#8243;]\u00dcbernahme von PACK\u2018R durch Didier BESSARD, CEO.[\/vc_icon][vc_icon position=&#8220;left&#8220; icon=&#8220;fa fa-apartment&#8220; size=&#8220;fa-2x&#8220; heading_semantic=&#8220;h6&#8243; text_size=&#8220;h5&#8243; title=&#8220;2021&#8243; uncode_shortcode_id=&#8220;207928&#8243;]Dritte Erweiterung der Geb\u00e4ude in Frankreich (+ 2.250 m\u00b2)[\/vc_icon][\/vc_column][\/vc_row][vc_row row_height_percent=&#8220;0&#8243; override_padding=&#8220;yes&#8220; h_padding=&#8220;2&#8243; top_padding=&#8220;3&#8243; bottom_padding=&#8220;4&#8243; back_image=&#8220;66&#8243; back_repeat=&#8220;no-repeat&#8220; back_position=&#8220;center center&#8220; overlay_color=&#8220;color-489153&#8243; overlay_alpha=&#8220;80&#8243; gutter_size=&#8220;3&#8243; column_width_percent=&#8220;85&#8243; shift_y=&#8220;0&#8243; z_index=&#8220;0&#8243; el_id=&#8220;home_dynam&#8220; back_size=&#8220;cover&#8220;][vc_column column_width_percent=&#8220;100&#8243; align_horizontal=&#8220;align_center&#8220; gutter_size=&#8220;3&#8243; overlay_alpha=&#8220;50&#8243; shift_x=&#8220;0&#8243; shift_y=&#8220;0&#8243; shift_y_down=&#8220;0&#8243; z_index=&#8220;0&#8243; medium_width=&#8220;0&#8243; mobile_width=&#8220;0&#8243; width=&#8220;1\/1&#8243;][vc_custom_heading heading_semantic=&#8220;h3&#8243; text_size=&#8220;h1&#8243;]Die St\u00e4rken<br \/>\n<em>unseres Unternehmens<\/em>[\/vc_custom_heading][vc_row_inner row_inner_height_percent=&#8220;0&#8243; overlay_alpha=&#8220;50&#8243; gutter_size=&#8220;3&#8243; shift_y=&#8220;0&#8243; z_index=&#8220;0&#8243; limit_content=&#8220;&#8220;][vc_column_inner column_width_percent=&#8220;100&#8243; align_horizontal=&#8220;align_center&#8220; gutter_size=&#8220;3&#8243; overlay_alpha=&#8220;50&#8243; shift_x=&#8220;0&#8243; shift_y=&#8220;0&#8243; shift_y_down=&#8220;0&#8243; z_index=&#8220;0&#8243; medium_width=&#8220;0&#8243; mobile_width=&#8220;0&#8243; width=&#8220;1\/3&#8243;][vc_icon icon_image=&#8220;875&#8243; media_size=&#8220;64&#8243; heading_semantic=&#8220;p&#8220; text_font=&#8220;font-555555&#8243; text_size=&#8220;&#8220; title=&#8220;Design&#8220;]F\u00fcr jedes Projekt arbeitet ein Team von PACK\u2018R-Expert:innen an Ihrer ma\u00dfgeschneiderten Maschine. \u00dcber 27 % unserer Mitarbeitenden sind Ingenieure, deren Hauptziel es ist, Ihr Projekt optimal zu verwirklichen.[\/vc_icon][\/vc_column_inner][vc_column_inner column_width_percent=&#8220;100&#8243; align_horizontal=&#8220;align_center&#8220; gutter_size=&#8220;3&#8243; overlay_alpha=&#8220;50&#8243; shift_x=&#8220;0&#8243; shift_y=&#8220;0&#8243; shift_y_down=&#8220;0&#8243; z_index=&#8220;0&#8243; medium_width=&#8220;0&#8243; mobile_width=&#8220;0&#8243; width=&#8220;1\/3&#8243;][vc_icon icon_image=&#8220;877&#8243; media_size=&#8220;79&#8243; heading_semantic=&#8220;p&#8220; text_font=&#8220;font-555555&#8243; text_size=&#8220;&#8220; title=&#8220;Produktion&#8220;]PACK\u2019R verpflichtet sich, Ihnen qualitativ hochwertige Abf\u00fcll- und Verschlussmaschinen sowie erstklassige Dienstleistungen zu bieten. Dank unserer Produktionslinien k\u00f6nnen wir uns Ihren W\u00fcnschen und Anforderungen anpassen.[\/vc_icon][\/vc_column_inner][vc_column_inner column_width_percent=&#8220;100&#8243; align_horizontal=&#8220;align_center&#8220; gutter_size=&#8220;3&#8243; overlay_alpha=&#8220;50&#8243; shift_x=&#8220;0&#8243; shift_y=&#8220;0&#8243; shift_y_down=&#8220;0&#8243; z_index=&#8220;0&#8243; medium_width=&#8220;0&#8243; mobile_width=&#8220;0&#8243; width=&#8220;1\/3&#8243;][vc_icon icon_image=&#8220;879&#8243; media_size=&#8220;62&#8243; heading_semantic=&#8220;p&#8220; text_font=&#8220;font-555555&#8243; text_size=&#8220;&#8220; title=&#8220;Dienstleistung&#8220;]Die Kundenzufriedenheit ist unser wichtigstes Ziel. Dieses m\u00f6chten wir durch qualitativ hochwertige Unterst\u00fctzung und die Verbesserung Ihrer Maschinen erreichen. Unsere Teams auf der ganzen Welt sind f\u00fcr Sie da, um Ihre Erwartungen zu erf\u00fcllen.[\/vc_icon][\/vc_column_inner][\/vc_row_inner][\/vc_column][\/vc_row]<\/p>\n<\/div>","protected":false},"excerpt":{"rendered":"<p>[vc_row row_height_percent=&#8220;0&#8243; back_color=&#8220;color-489153&#8243; overlay_alpha=&#8220;50&#8243; gutter_size=&#8220;3&#8243; column_width_percent=&#8220;100&#8243; shift_y=&#8220;0&#8243; z_index=&#8220;0&#8243;][vc_column column_width_percent=&#8220;100&#8243; gutter_size=&#8220;2&#8243; overlay_alpha=&#8220;50&#8243; shift_x=&#8220;0&#8243; shift_y=&#8220;0&#8243; shift_y_down=&#8220;0&#8243; z_index=&#8220;0&#8243; medium_width=&#8220;0&#8243; mobile_width=&#8220;0&#8243; width=&#8220;1\/1&#8243; el_id=&#8220;header_cont_indus&#8220;][vc_column_text][\/vc_column_text][vc_row_inner row_inner_height_percent=&#8220;0&#8243; [&hellip;]<\/p>\n","protected":false},"author":1,"featured_media":0,"parent":0,"menu_order":0,"comment_status":"closed","ping_status":"closed","template":"","meta":{"_acf_changed":false,"footnotes":""},"class_list":["post-5920","page","type-page","status-publish","hentry"],"acf":[],"yoast_head":"<!-- This site is optimized with the Yoast SEO plugin v25.6 - https:\/\/yoast.com\/wordpress\/plugins\/seo\/ -->\n<title>Spezialist f\u00fcr Abf\u00fcll- und Verschlussanlagen seit 1989 - PACKR<\/title>\n<meta name=\"description\" content=\"PACK\u2018R entwickelt und produziert seit \u00fcber 25 Jahren Verpackungs- und Abf\u00fcllanlagen f\u00fcr fl\u00fcssige Produkte.\" \/>\n<meta name=\"robots\" content=\"index, follow, max-snippet:-1, max-image-preview:large, max-video-preview:-1\" \/>\n<link rel=\"canonical\" href=\"https:\/\/www.packr.com\/de\/uber-uns\/\" \/>\n<meta property=\"og:locale\" content=\"de_DE\" \/>\n<meta property=\"og:type\" content=\"article\" \/>\n<meta property=\"og:title\" content=\"Spezialist f\u00fcr Abf\u00fcll- und Verschlussanlagen seit 1989 - PACKR\" \/>\n<meta property=\"og:description\" content=\"PACK\u2018R entwickelt und produziert seit \u00fcber 25 Jahren Verpackungs- und Abf\u00fcllanlagen f\u00fcr fl\u00fcssige Produkte.\" \/>\n<meta property=\"og:url\" content=\"https:\/\/www.packr.com\/de\/uber-uns\/\" \/>\n<meta property=\"og:site_name\" content=\"PACKR\" \/>\n<meta property=\"article:modified_time\" content=\"2025-07-02T15:52:28+00:00\" \/>\n<meta name=\"twitter:card\" content=\"summary_large_image\" \/>\n<meta name=\"twitter:label1\" content=\"Gesch\u00e4tzte Lesezeit\" \/>\n\t<meta name=\"twitter:data1\" content=\"3\u00a0Minuten\" \/>\n<script type=\"application\/ld+json\" class=\"yoast-schema-graph\">{\"@context\":\"https:\/\/schema.org\",\"@graph\":[{\"@type\":\"WebPage\",\"@id\":\"https:\/\/www.packr.com\/de\/uber-uns\/\",\"url\":\"https:\/\/www.packr.com\/de\/uber-uns\/\",\"name\":\"Spezialist f\u00fcr Abf\u00fcll- und Verschlussanlagen seit 1989 - PACKR\",\"isPartOf\":{\"@id\":\"https:\/\/www.packr.com\/de\/#website\"},\"datePublished\":\"2021-01-05T16:53:31+00:00\",\"dateModified\":\"2025-07-02T15:52:28+00:00\",\"description\":\"PACK\u2018R entwickelt und produziert seit \u00fcber 25 Jahren Verpackungs- und Abf\u00fcllanlagen f\u00fcr fl\u00fcssige Produkte.\",\"breadcrumb\":{\"@id\":\"https:\/\/www.packr.com\/de\/uber-uns\/#breadcrumb\"},\"inLanguage\":\"de\",\"potentialAction\":[{\"@type\":\"ReadAction\",\"target\":[\"https:\/\/www.packr.com\/de\/uber-uns\/\"]}]},{\"@type\":\"BreadcrumbList\",\"@id\":\"https:\/\/www.packr.com\/de\/uber-uns\/#breadcrumb\",\"itemListElement\":[{\"@type\":\"ListItem\",\"position\":1,\"name\":\"Startseite\",\"item\":\"https:\/\/www.packr.com\/de\/\"},{\"@type\":\"ListItem\",\"position\":2,\"name\":\"\u00dcber uns\"}]},{\"@type\":\"WebSite\",\"@id\":\"https:\/\/www.packr.com\/de\/#website\",\"url\":\"https:\/\/www.packr.com\/de\/\",\"name\":\"PACKR\",\"description\":\"Filling Solutions\",\"publisher\":{\"@id\":\"https:\/\/www.packr.com\/de\/#organization\"},\"potentialAction\":[{\"@type\":\"SearchAction\",\"target\":{\"@type\":\"EntryPoint\",\"urlTemplate\":\"https:\/\/www.packr.com\/de\/?s={search_term_string}\"},\"query-input\":{\"@type\":\"PropertyValueSpecification\",\"valueRequired\":true,\"valueName\":\"search_term_string\"}}],\"inLanguage\":\"de\"},{\"@type\":\"Organization\",\"@id\":\"https:\/\/www.packr.com\/de\/#organization\",\"name\":\"PACKR\",\"url\":\"https:\/\/www.packr.com\/de\/\",\"logo\":{\"@type\":\"ImageObject\",\"inLanguage\":\"de\",\"@id\":\"https:\/\/www.packr.com\/de\/#\/schema\/logo\/image\/\",\"url\":\"https:\/\/www.packr.com\/wp-content\/uploads\/2020\/12\/logo_packr.svg\",\"contentUrl\":\"https:\/\/www.packr.com\/wp-content\/uploads\/2020\/12\/logo_packr.svg\",\"width\":270,\"height\":855,\"caption\":\"PACKR\"},\"image\":{\"@id\":\"https:\/\/www.packr.com\/de\/#\/schema\/logo\/image\/\"}}]}<\/script>\n<!-- \/ Yoast SEO plugin. -->","yoast_head_json":{"title":"Spezialist f\u00fcr Abf\u00fcll- und Verschlussanlagen seit 1989 - PACKR","description":"PACK\u2018R entwickelt und produziert seit \u00fcber 25 Jahren Verpackungs- und Abf\u00fcllanlagen f\u00fcr fl\u00fcssige Produkte.","robots":{"index":"index","follow":"follow","max-snippet":"max-snippet:-1","max-image-preview":"max-image-preview:large","max-video-preview":"max-video-preview:-1"},"canonical":"https:\/\/www.packr.com\/de\/uber-uns\/","og_locale":"de_DE","og_type":"article","og_title":"Spezialist f\u00fcr Abf\u00fcll- und Verschlussanlagen seit 1989 - PACKR","og_description":"PACK\u2018R entwickelt und produziert seit \u00fcber 25 Jahren Verpackungs- und Abf\u00fcllanlagen f\u00fcr fl\u00fcssige Produkte.","og_url":"https:\/\/www.packr.com\/de\/uber-uns\/","og_site_name":"PACKR","article_modified_time":"2025-07-02T15:52:28+00:00","twitter_card":"summary_large_image","twitter_misc":{"Gesch\u00e4tzte Lesezeit":"3\u00a0Minuten"},"schema":{"@context":"https:\/\/schema.org","@graph":[{"@type":"WebPage","@id":"https:\/\/www.packr.com\/de\/uber-uns\/","url":"https:\/\/www.packr.com\/de\/uber-uns\/","name":"Spezialist f\u00fcr Abf\u00fcll- und Verschlussanlagen seit 1989 - PACKR","isPartOf":{"@id":"https:\/\/www.packr.com\/de\/#website"},"datePublished":"2021-01-05T16:53:31+00:00","dateModified":"2025-07-02T15:52:28+00:00","description":"PACK\u2018R entwickelt und produziert seit \u00fcber 25 Jahren Verpackungs- und Abf\u00fcllanlagen f\u00fcr fl\u00fcssige Produkte.","breadcrumb":{"@id":"https:\/\/www.packr.com\/de\/uber-uns\/#breadcrumb"},"inLanguage":"de","potentialAction":[{"@type":"ReadAction","target":["https:\/\/www.packr.com\/de\/uber-uns\/"]}]},{"@type":"BreadcrumbList","@id":"https:\/\/www.packr.com\/de\/uber-uns\/#breadcrumb","itemListElement":[{"@type":"ListItem","position":1,"name":"Startseite","item":"https:\/\/www.packr.com\/de\/"},{"@type":"ListItem","position":2,"name":"\u00dcber uns"}]},{"@type":"WebSite","@id":"https:\/\/www.packr.com\/de\/#website","url":"https:\/\/www.packr.com\/de\/","name":"PACKR","description":"Filling Solutions","publisher":{"@id":"https:\/\/www.packr.com\/de\/#organization"},"potentialAction":[{"@type":"SearchAction","target":{"@type":"EntryPoint","urlTemplate":"https:\/\/www.packr.com\/de\/?s={search_term_string}"},"query-input":{"@type":"PropertyValueSpecification","valueRequired":true,"valueName":"search_term_string"}}],"inLanguage":"de"},{"@type":"Organization","@id":"https:\/\/www.packr.com\/de\/#organization","name":"PACKR","url":"https:\/\/www.packr.com\/de\/","logo":{"@type":"ImageObject","inLanguage":"de","@id":"https:\/\/www.packr.com\/de\/#\/schema\/logo\/image\/","url":"https:\/\/www.packr.com\/wp-content\/uploads\/2020\/12\/logo_packr.svg","contentUrl":"https:\/\/www.packr.com\/wp-content\/uploads\/2020\/12\/logo_packr.svg","width":270,"height":855,"caption":"PACKR"},"image":{"@id":"https:\/\/www.packr.com\/de\/#\/schema\/logo\/image\/"}}]}},"_links":{"self":[{"href":"https:\/\/www.packr.com\/de\/wp-json\/wp\/v2\/pages\/5920"}],"collection":[{"href":"https:\/\/www.packr.com\/de\/wp-json\/wp\/v2\/pages"}],"about":[{"href":"https:\/\/www.packr.com\/de\/wp-json\/wp\/v2\/types\/page"}],"author":[{"embeddable":true,"href":"https:\/\/www.packr.com\/de\/wp-json\/wp\/v2\/users\/1"}],"replies":[{"embeddable":true,"href":"https:\/\/www.packr.com\/de\/wp-json\/wp\/v2\/comments?post=5920"}],"version-history":[{"count":13,"href":"https:\/\/www.packr.com\/de\/wp-json\/wp\/v2\/pages\/5920\/revisions"}],"predecessor-version":[{"id":9679,"href":"https:\/\/www.packr.com\/de\/wp-json\/wp\/v2\/pages\/5920\/revisions\/9679"}],"wp:attachment":[{"href":"https:\/\/www.packr.com\/de\/wp-json\/wp\/v2\/media?parent=5920"}],"curies":[{"name":"wp","href":"https:\/\/api.w.org\/{rel}","templated":true}]}}