{"id":6194,"date":"2024-02-08T15:01:17","date_gmt":"2024-02-08T14:01:17","guid":{"rendered":"https:\/\/www.packr.com\/_-_\/"},"modified":"2024-02-28T14:42:46","modified_gmt":"2024-02-28T13:42:46","slug":"rechtliche-hinweise-und-nutzungsbedingungen","status":"publish","type":"page","link":"https:\/\/www.packr.com\/de\/rechtliche-hinweise-und-nutzungsbedingungen\/","title":{"rendered":"Rechtliche Hinweise und Nutzungsbedingungen"},"content":{"rendered":"<div class=\"wpb-content-wrapper\"><p>[vc_row row_height_percent=&#8220;0&#8243; back_color=&#8220;color-489153&#8243; overlay_alpha=&#8220;50&#8243; gutter_size=&#8220;3&#8243; column_width_percent=&#8220;100&#8243; shift_y=&#8220;0&#8243; z_index=&#8220;0&#8243;][vc_column column_width_percent=&#8220;100&#8243; align_horizontal=&#8220;align_center&#8220; gutter_size=&#8220;3&#8243; overlay_alpha=&#8220;50&#8243; shift_x=&#8220;0&#8243; shift_y=&#8220;0&#8243; shift_y_down=&#8220;0&#8243; z_index=&#8220;0&#8243; medium_width=&#8220;0&#8243; mobile_width=&#8220;0&#8243; width=&#8220;1\/1&#8243; el_id=&#8220;header_cont_indus&#8220;][vc_column_text]<span><span><a href=\"https:\/\/www.packr.com\/de\/\">Startseite<\/a><\/span><\/span>[\/vc_column_text][vc_custom_heading heading_semantic=&#8220;h1&#8243; text_size=&#8220;h1&#8243; sub_lead=&#8220;yes&#8220; subheading=&#8220;Wir informieren Sie&#8220;]Rechtliche Hinweise und Nutzungsbedingungen[\/vc_custom_heading][\/vc_column][\/vc_row][vc_row row_height_percent=&#8220;0&#8243; override_padding=&#8220;yes&#8220; h_padding=&#8220;2&#8243; top_padding=&#8220;3&#8243; bottom_padding=&#8220;4&#8243; overlay_alpha=&#8220;50&#8243; gutter_size=&#8220;3&#8243; column_width_percent=&#8220;100&#8243; shift_y=&#8220;0&#8243; z_index=&#8220;0&#8243;][vc_column width=&#8220;1\/1&#8243;][vc_row_inner][vc_column_inner width=&#8220;1\/2&#8243;][vc_column_text]<\/p>\n<h2>PACK\u2018R wird herausgegeben vom Unternehmen:<\/h2>\n<p>PACK\u2018R<br \/>\nHauptsitz: PACK\u2018R<br \/>\nAdresse: 2, rue de la Caillardi\u00e8re \u2013 49070 \u2013 Beaucouz\u00e9 \u2013 FR<br \/>\nHerausgeber: Didier BESSARD<br \/>\nHandelsregister: Angers<br \/>\nSIRET-Nummer: 351 580 238 00035<br \/>\nAPE-Code: 2829A<br \/>\nUmsatzsteuer-Identifikationsnummer: FR 71351580238<br \/>\nTelefonnummer: +33 (0)2 41 73 29 73<br \/>\nE-Mail: marketing@packr.com[\/vc_column_text][\/vc_column_inner][vc_column_inner width=&#8220;1\/2&#8243;][vc_column_text]<\/p>\n<h2>Die Website PACK\u2018R wird gehostet von:<\/h2>\n<p>INFOMANIAK Network SA<br \/>\nAvenue de la Paille<br \/>\n26 1227 Genf<br \/>\nSchweiz<br \/>\nTelefon: +41 228 203 544<br \/>\nE-Mail: support@infomaniak.ch<\/p>\n<h2>Die Website PACK\u2018R wurde erstellt von:<\/h2>\n<p>Webagentur Enjin<br \/>\nE-Mail: contact@enjin.fr<br \/>\nWebsite: www.enjin.fr[\/vc_column_text][\/vc_column_inner][\/vc_row_inner][vc_row_inner][vc_column_inner width=&#8220;1\/1&#8243;][vc_column_text]Die Website wurde finanziert von PACK\u2018R.<br \/>\nDie Website www.packr.com ist ausschlie\u00dfliches Eigentum von PACK\u2018R.<br \/>\nDer Abruf der Website unterliegt der vollst\u00e4ndigen Akzeptanz und Einhaltung der folgenden Nutzungsbedingungen durch die Internetbenutzer. Die Internetbenutzer verpflichten sich bereits jetzt, die auf der Website enthaltenen Informationen f\u00fcr den pers\u00f6nlichen und nicht f\u00fcr den kommerziellen Gebrauch zu nutzen. Bei Nichteinhaltung der Bestimmungen dieser Charta durch die Internetbenutzer k\u00f6nnen zivil- und\/oder strafrechtliche Konsequenzen drohen.[\/vc_column_text][\/vc_column_inner][\/vc_row_inner][vc_column_text]<\/p>\n<h2>Allgemeine Nutzungsbedingungen der Website und der angebotenen Dienstleistungen<\/h2>\n<p>Die Nutzung der Website https:\/\/www.packr.com setzt die vollst\u00e4ndige Akzeptanz der unten beschriebenen allgemeinen Nutzungsbedingungen voraus. Diese Nutzungsbedingungen k\u00f6nnen jederzeit ge\u00e4ndert oder erg\u00e4nzt werden. Benutzer der Website werden daher gebeten, sie regelm\u00e4\u00dfig durchzulesen.<\/p>\n<p>Diese Website ist Benutzern grunds\u00e4tzlich jederzeit zug\u00e4nglich. PACK\u2018R kann jedoch eine Unterbrechung aufgrund einer technischen Wartung beschlie\u00dfen. Das Unternehmen ist bem\u00fcht, den Benutzern die Daten und Zeiten im Voraus mitzuteilen.<\/p>\n<h3>1 \u2013 Inhalt der Website<\/h3>\n<p>Die Website wird von PACK\u2018R betrieben.<br \/>\nWebsite, auf der die Aktivit\u00e4ten und Dienstleistungen von PACK\u2018R vorgestellt werden.<\/p>\n<p>Alle Informationen auf der Website https:\/\/www.packr.com dienen ausschlie\u00dflich Informationszwecken und k\u00f6nnen ge\u00e4ndert werden. Dar\u00fcber hinaus erheben die Informationen auf der Website https:\/\/www.packr.com keinen Anspruch auf Vollst\u00e4ndigkeit. \u00c4nderungen seit der Online-Ver\u00f6ffentlichung sind vorbehalten.<\/p>\n<h3>2 \u2013 Geistiges Eigentum<\/h3>\n<p>Die Website stellt ein Werk dar, dessen Urheber PACK\u2018R im Sinne des Gesetzes \u00fcber geistiges Eigentum aus Artikel L111.1 ff. ist.<\/p>\n<p>Im Allgemeinen sind die auf dieser Website gezeigten Daten, Programme, Musikmuster, Texte, Informationen, Logos, visuellen Identit\u00e4ten, animierten oder nicht animierten Bildern und deren Formatierung Eigentum von PACK\u2018R. Als solches sind sie durch die Bestimmungen des Gesetzes \u00fcber geistiges Eigentum gesch\u00fctzt.<\/p>\n<p>Alle Internetnutzer verpflichten sich, diese Inhalte weder zu nutzen noch die Nutzung dieser Inhalte f\u00fcr illegale Zwecke zu gestatten.<\/p>\n<p>Jegliche Darstellung oder Vervielf\u00e4ltigung, ganz oder teilweise, dauerhaft oder vor\u00fcbergehend, auf Computern und\/oder Papiertr\u00e4gern und durch ein beliebiges Verfahren (insbesondere durch Framing*) aller Elemente der Website oder der zum Verkauf angebotenen Dienstleistungen ohne die vorherige und ausdr\u00fcckliche Zustimmung von PACK\u2018R ist verboten und stellt eine F\u00e4lschung dar, was zu zivil- und\/oder strafrechtlichen Konsequenzen f\u00fchren kann. Zum Zweck der privaten Vervielf\u00e4ltigung ist ausschlie\u00dflich Papierdruck zur ausschlie\u00dflichen Nutzung durch die Person, die sie ausgedruckt hat, im Sinne von Artikel L122-5 2\u00b0 des Gesetzes f\u00fcr geistiges Eigentum gestattet.<\/p>\n<p>Ohne die vorherige und ausdr\u00fcckliche Zustimmung von PACK\u2018R darf kein Hypertext-Link installiert werden.<\/p>\n<p>*Aktion des Erfassens des Inhalts von den Seiten einer Website, um ihn \u00fcber einen Hypertext-Link auf die eigene Website zu \u00fcbertragen, um diesen Inhalt dann als eigenen erscheinen zu lassen.<\/p>\n<h3>3 \u2013 Schutz der personenbezogenen Daten<\/h3>\n<p>Die Internetnutzer k\u00f6nnen aufgefordert werden, bestimmte personenbezogene Daten anzugeben, wenn sie ein angebotenes Formular ausf\u00fcllen. Die Eingabe dieser Daten ist f\u00fcr die Bearbeitung der Anfrage der Internetnutzer durch PACK\u2018R erforderlich.<\/p>\n<p>PACK\u2018R verpflichtet sich, die Bestimmungen des Gesetzes Nr. 78-17 vom 6. Januar 1978 \u00fcber IT, Dateien und ge\u00e4nderte Freiheiten zu respektieren, und alle notwendigen Vorkehrungen zu treffen, um die Sicherheit aller anvertrauten personenbezogenen Daten zu gew\u00e4hrleisten. Personenbezogene Daten k\u00f6nnen ohne vorherige Zustimmung an Dritte weitergegeben werden.<\/p>\n<h3>4 \u2013 Haftungsausschluss<\/h3>\n<p>PACK\u2018R lehnt jede Haftung f\u00fcr etwaige Fehlfunktionen ab, die auf der Website auftreten und zu Datenverlusten oder der Nichtverf\u00fcgbarkeit des Zugriffs auf die auf der Website bereitgestellten Informationen f\u00fchren k\u00f6nnen.<\/p>\n<p>Die auf der Website bereitgestellten Elemente k\u00f6nnen ohne vorherige Ank\u00fcndigung ge\u00e4ndert werden. Sie werden Internetnutzern ohne jegliche ausdr\u00fcckliche oder stillschweigende Garantie jeglicher Art zur Verf\u00fcgung gestellt.<\/p>\n<p>Das Vorhandensein von Hypertext-Links auf der Website stellt \u2013 unabh\u00e4ngig davon, ob zuvor eine Zustimmung von PACK\u2018R gegeben wurde oder nicht \u2013 keine Haftungssolidarit\u00e4t zwischen PACK\u2018R und den Eigent\u00fcmern der anderen Websites f\u00fcr den Inhalt dieser Websites dar, zu der der Internetnutzer weitergeleitet wird.<\/p>\n<p>PACK\u2018R garantiert die Vollst\u00e4ndigkeit und Richtigkeit der Informationen auf der Website nicht. Ebenso kann nicht garantiert werden, dass \u00c4nderungen durch Dritte (Eindringen, Viren) vorgenommen werden.<\/p>\n<p>Dar\u00fcber hinaus ist der Internetnutzer f\u00fcr die Nutzung der Inhalte der Website allein verantwortlich. Au\u00dfer im Falle eines ausschlie\u00dflich schwerwiegenden Verschuldens seitens PACK\u2018R kann PACK\u2018R nicht f\u00fcr direkte und indirekte Sch\u00e4den haftbar gemacht werden, die mit der Nutzung der auf der Website bereitgestellten Informationen einhergehen.<\/p>\n<h3>5 \u2013 Anwendbares Recht und Gerichtsstand<\/h3>\n<p>Alle auf der Website ver\u00f6ffentlichten Informationen und deren Nutzung unterliegen ausschlie\u00dflich franz\u00f6sischem Recht. F\u00fcr die Entscheidung etwaiger Streitigkeiten im Zusammenhang mit der Nutzung der Website sind ausschlie\u00dflich die Gerichte zust\u00e4ndig, die in die Zust\u00e4ndigkeit des Berufungsgerichts Rennes (Cour d\u2018appel de Rennes) fallen.[\/vc_column_text][\/vc_column][\/vc_row]<\/p>\n<\/div>","protected":false},"excerpt":{"rendered":"<p>[vc_row row_height_percent=&#8220;0&#8243; back_color=&#8220;color-489153&#8243; overlay_alpha=&#8220;50&#8243; gutter_size=&#8220;3&#8243; column_width_percent=&#8220;100&#8243; shift_y=&#8220;0&#8243; z_index=&#8220;0&#8243;][vc_column column_width_percent=&#8220;100&#8243; align_horizontal=&#8220;align_center&#8220; gutter_size=&#8220;3&#8243; overlay_alpha=&#8220;50&#8243; shift_x=&#8220;0&#8243; shift_y=&#8220;0&#8243; shift_y_down=&#8220;0&#8243; z_index=&#8220;0&#8243; medium_width=&#8220;0&#8243; mobile_width=&#8220;0&#8243; width=&#8220;1\/1&#8243; el_id=&#8220;header_cont_indus&#8220;][vc_column_text][\/vc_column_text][vc_custom_heading [&hellip;]<\/p>\n","protected":false},"author":1,"featured_media":0,"parent":0,"menu_order":0,"comment_status":"closed","ping_status":"closed","template":"","meta":{"_acf_changed":false,"footnotes":""},"class_list":["post-6194","page","type-page","status-publish","hentry"],"acf":[],"yoast_head":"<!-- This site is optimized with the Yoast SEO plugin v25.6 - https:\/\/yoast.com\/wordpress\/plugins\/seo\/ -->\n<title>Rechtliche Hinweise und Nutzungsbedingungen - PACKR<\/title>\n<meta name=\"robots\" content=\"index, follow, max-snippet:-1, max-image-preview:large, max-video-preview:-1\" \/>\n<link rel=\"canonical\" href=\"https:\/\/www.packr.com\/de\/rechtliche-hinweise-und-nutzungsbedingungen\/\" \/>\n<meta property=\"og:locale\" content=\"de_DE\" \/>\n<meta property=\"og:type\" content=\"article\" \/>\n<meta property=\"og:title\" content=\"Rechtliche Hinweise und Nutzungsbedingungen - PACKR\" \/>\n<meta property=\"og:description\" content=\"[vc_row row_height_percent=&#8220;0&#8243; back_color=&#8220;color-489153&#8243; overlay_alpha=&#8220;50&#8243; gutter_size=&#8220;3&#8243; column_width_percent=&#8220;100&#8243; shift_y=&#8220;0&#8243; z_index=&#8220;0&#8243;][vc_column column_width_percent=&#8220;100&#8243; align_horizontal=&#8220;align_center&#8220; gutter_size=&#8220;3&#8243; overlay_alpha=&#8220;50&#8243; shift_x=&#8220;0&#8243; shift_y=&#8220;0&#8243; shift_y_down=&#8220;0&#8243; z_index=&#8220;0&#8243; medium_width=&#8220;0&#8243; mobile_width=&#8220;0&#8243; width=&#8220;1\/1&#8243; el_id=&#8220;header_cont_indus&#8220;][vc_column_text][\/vc_column_text][vc_custom_heading [&hellip;]\" \/>\n<meta property=\"og:url\" content=\"https:\/\/www.packr.com\/de\/rechtliche-hinweise-und-nutzungsbedingungen\/\" \/>\n<meta property=\"og:site_name\" content=\"PACKR\" \/>\n<meta property=\"article:modified_time\" content=\"2024-02-28T13:42:46+00:00\" \/>\n<meta name=\"twitter:card\" content=\"summary_large_image\" \/>\n<meta name=\"twitter:label1\" content=\"Gesch\u00e4tzte Lesezeit\" \/>\n\t<meta name=\"twitter:data1\" content=\"5\u00a0Minuten\" \/>\n<script type=\"application\/ld+json\" class=\"yoast-schema-graph\">{\"@context\":\"https:\/\/schema.org\",\"@graph\":[{\"@type\":\"WebPage\",\"@id\":\"https:\/\/www.packr.com\/de\/rechtliche-hinweise-und-nutzungsbedingungen\/\",\"url\":\"https:\/\/www.packr.com\/de\/rechtliche-hinweise-und-nutzungsbedingungen\/\",\"name\":\"Rechtliche Hinweise und Nutzungsbedingungen - PACKR\",\"isPartOf\":{\"@id\":\"https:\/\/www.packr.com\/de\/#website\"},\"datePublished\":\"2024-02-08T14:01:17+00:00\",\"dateModified\":\"2024-02-28T13:42:46+00:00\",\"breadcrumb\":{\"@id\":\"https:\/\/www.packr.com\/de\/rechtliche-hinweise-und-nutzungsbedingungen\/#breadcrumb\"},\"inLanguage\":\"de\",\"potentialAction\":[{\"@type\":\"ReadAction\",\"target\":[\"https:\/\/www.packr.com\/de\/rechtliche-hinweise-und-nutzungsbedingungen\/\"]}]},{\"@type\":\"BreadcrumbList\",\"@id\":\"https:\/\/www.packr.com\/de\/rechtliche-hinweise-und-nutzungsbedingungen\/#breadcrumb\",\"itemListElement\":[{\"@type\":\"ListItem\",\"position\":1,\"name\":\"Startseite\",\"item\":\"https:\/\/www.packr.com\/de\/\"},{\"@type\":\"ListItem\",\"position\":2,\"name\":\"Rechtliche Hinweise und Nutzungsbedingungen\"}]},{\"@type\":\"WebSite\",\"@id\":\"https:\/\/www.packr.com\/de\/#website\",\"url\":\"https:\/\/www.packr.com\/de\/\",\"name\":\"PACKR\",\"description\":\"Filling Solutions\",\"publisher\":{\"@id\":\"https:\/\/www.packr.com\/de\/#organization\"},\"potentialAction\":[{\"@type\":\"SearchAction\",\"target\":{\"@type\":\"EntryPoint\",\"urlTemplate\":\"https:\/\/www.packr.com\/de\/?s={search_term_string}\"},\"query-input\":{\"@type\":\"PropertyValueSpecification\",\"valueRequired\":true,\"valueName\":\"search_term_string\"}}],\"inLanguage\":\"de\"},{\"@type\":\"Organization\",\"@id\":\"https:\/\/www.packr.com\/de\/#organization\",\"name\":\"PACKR\",\"url\":\"https:\/\/www.packr.com\/de\/\",\"logo\":{\"@type\":\"ImageObject\",\"inLanguage\":\"de\",\"@id\":\"https:\/\/www.packr.com\/de\/#\/schema\/logo\/image\/\",\"url\":\"https:\/\/www.packr.com\/wp-content\/uploads\/2020\/12\/logo_packr.svg\",\"contentUrl\":\"https:\/\/www.packr.com\/wp-content\/uploads\/2020\/12\/logo_packr.svg\",\"width\":270,\"height\":855,\"caption\":\"PACKR\"},\"image\":{\"@id\":\"https:\/\/www.packr.com\/de\/#\/schema\/logo\/image\/\"}}]}<\/script>\n<!-- \/ Yoast SEO plugin. -->","yoast_head_json":{"title":"Rechtliche Hinweise und Nutzungsbedingungen - PACKR","robots":{"index":"index","follow":"follow","max-snippet":"max-snippet:-1","max-image-preview":"max-image-preview:large","max-video-preview":"max-video-preview:-1"},"canonical":"https:\/\/www.packr.com\/de\/rechtliche-hinweise-und-nutzungsbedingungen\/","og_locale":"de_DE","og_type":"article","og_title":"Rechtliche Hinweise und Nutzungsbedingungen - PACKR","og_description":"[vc_row row_height_percent=&#8220;0&#8243; back_color=&#8220;color-489153&#8243; overlay_alpha=&#8220;50&#8243; gutter_size=&#8220;3&#8243; column_width_percent=&#8220;100&#8243; shift_y=&#8220;0&#8243; z_index=&#8220;0&#8243;][vc_column column_width_percent=&#8220;100&#8243; align_horizontal=&#8220;align_center&#8220; gutter_size=&#8220;3&#8243; overlay_alpha=&#8220;50&#8243; shift_x=&#8220;0&#8243; shift_y=&#8220;0&#8243; shift_y_down=&#8220;0&#8243; z_index=&#8220;0&#8243; medium_width=&#8220;0&#8243; mobile_width=&#8220;0&#8243; width=&#8220;1\/1&#8243; el_id=&#8220;header_cont_indus&#8220;][vc_column_text][\/vc_column_text][vc_custom_heading [&hellip;]","og_url":"https:\/\/www.packr.com\/de\/rechtliche-hinweise-und-nutzungsbedingungen\/","og_site_name":"PACKR","article_modified_time":"2024-02-28T13:42:46+00:00","twitter_card":"summary_large_image","twitter_misc":{"Gesch\u00e4tzte Lesezeit":"5\u00a0Minuten"},"schema":{"@context":"https:\/\/schema.org","@graph":[{"@type":"WebPage","@id":"https:\/\/www.packr.com\/de\/rechtliche-hinweise-und-nutzungsbedingungen\/","url":"https:\/\/www.packr.com\/de\/rechtliche-hinweise-und-nutzungsbedingungen\/","name":"Rechtliche Hinweise und Nutzungsbedingungen - PACKR","isPartOf":{"@id":"https:\/\/www.packr.com\/de\/#website"},"datePublished":"2024-02-08T14:01:17+00:00","dateModified":"2024-02-28T13:42:46+00:00","breadcrumb":{"@id":"https:\/\/www.packr.com\/de\/rechtliche-hinweise-und-nutzungsbedingungen\/#breadcrumb"},"inLanguage":"de","potentialAction":[{"@type":"ReadAction","target":["https:\/\/www.packr.com\/de\/rechtliche-hinweise-und-nutzungsbedingungen\/"]}]},{"@type":"BreadcrumbList","@id":"https:\/\/www.packr.com\/de\/rechtliche-hinweise-und-nutzungsbedingungen\/#breadcrumb","itemListElement":[{"@type":"ListItem","position":1,"name":"Startseite","item":"https:\/\/www.packr.com\/de\/"},{"@type":"ListItem","position":2,"name":"Rechtliche Hinweise und Nutzungsbedingungen"}]},{"@type":"WebSite","@id":"https:\/\/www.packr.com\/de\/#website","url":"https:\/\/www.packr.com\/de\/","name":"PACKR","description":"Filling Solutions","publisher":{"@id":"https:\/\/www.packr.com\/de\/#organization"},"potentialAction":[{"@type":"SearchAction","target":{"@type":"EntryPoint","urlTemplate":"https:\/\/www.packr.com\/de\/?s={search_term_string}"},"query-input":{"@type":"PropertyValueSpecification","valueRequired":true,"valueName":"search_term_string"}}],"inLanguage":"de"},{"@type":"Organization","@id":"https:\/\/www.packr.com\/de\/#organization","name":"PACKR","url":"https:\/\/www.packr.com\/de\/","logo":{"@type":"ImageObject","inLanguage":"de","@id":"https:\/\/www.packr.com\/de\/#\/schema\/logo\/image\/","url":"https:\/\/www.packr.com\/wp-content\/uploads\/2020\/12\/logo_packr.svg","contentUrl":"https:\/\/www.packr.com\/wp-content\/uploads\/2020\/12\/logo_packr.svg","width":270,"height":855,"caption":"PACKR"},"image":{"@id":"https:\/\/www.packr.com\/de\/#\/schema\/logo\/image\/"}}]}},"_links":{"self":[{"href":"https:\/\/www.packr.com\/de\/wp-json\/wp\/v2\/pages\/6194"}],"collection":[{"href":"https:\/\/www.packr.com\/de\/wp-json\/wp\/v2\/pages"}],"about":[{"href":"https:\/\/www.packr.com\/de\/wp-json\/wp\/v2\/types\/page"}],"author":[{"embeddable":true,"href":"https:\/\/www.packr.com\/de\/wp-json\/wp\/v2\/users\/1"}],"replies":[{"embeddable":true,"href":"https:\/\/www.packr.com\/de\/wp-json\/wp\/v2\/comments?post=6194"}],"version-history":[{"count":7,"href":"https:\/\/www.packr.com\/de\/wp-json\/wp\/v2\/pages\/6194\/revisions"}],"predecessor-version":[{"id":6612,"href":"https:\/\/www.packr.com\/de\/wp-json\/wp\/v2\/pages\/6194\/revisions\/6612"}],"wp:attachment":[{"href":"https:\/\/www.packr.com\/de\/wp-json\/wp\/v2\/media?parent=6194"}],"curies":[{"name":"wp","href":"https:\/\/api.w.org\/{rel}","templated":true}]}}