{"id":6288,"date":"2021-01-14T17:43:17","date_gmt":"2021-01-14T16:43:17","guid":{"rendered":"https:\/\/www.packr.com\/rejoignez-packr\/"},"modified":"2024-04-11T16:26:02","modified_gmt":"2024-04-11T14:26:02","slug":"werden-sie-teil-von-packr","status":"publish","type":"page","link":"https:\/\/www.packr.com\/de\/werden-sie-teil-von-packr\/","title":{"rendered":"Werden Sie Teil von PACK\u2018R"},"content":{"rendered":"<div class=\"wpb-content-wrapper\"><p>[vc_row row_height_percent=&#8220;0&#8243; back_color=&#8220;color-489153&#8243; overlay_alpha=&#8220;50&#8243; gutter_size=&#8220;3&#8243; column_width_percent=&#8220;100&#8243; shift_y=&#8220;0&#8243; z_index=&#8220;0&#8243;][vc_column column_width_percent=&#8220;100&#8243; gutter_size=&#8220;2&#8243; overlay_alpha=&#8220;50&#8243; shift_x=&#8220;0&#8243; shift_y=&#8220;0&#8243; shift_y_down=&#8220;0&#8243; z_index=&#8220;0&#8243; medium_width=&#8220;0&#8243; mobile_width=&#8220;0&#8243; width=&#8220;1\/1&#8243; el_id=&#8220;header_cont_indus&#8220;][vc_column_text]<span><span><a href=\"https:\/\/www.packr.com\/de\/\">Startseite<\/a><\/span><\/span>[\/vc_column_text][vc_row_inner row_inner_height_percent=&#8220;0&#8243; overlay_alpha=&#8220;50&#8243; equal_height=&#8220;yes&#8220; gutter_size=&#8220;3&#8243; shift_y=&#8220;0&#8243; z_index=&#8220;0&#8243;][vc_column_inner column_width_percent=&#8220;100&#8243; gutter_size=&#8220;3&#8243; overlay_alpha=&#8220;50&#8243; shift_x=&#8220;0&#8243; shift_y=&#8220;0&#8243; shift_y_down=&#8220;0&#8243; z_index=&#8220;0&#8243; medium_width=&#8220;0&#8243; mobile_width=&#8220;0&#8243; width=&#8220;2\/3&#8243; css=&#8220;.vc_custom_1609930952939{padding-top: 20px !important;}&#8220;][vc_custom_heading heading_semantic=&#8220;h1&#8243; text_size=&#8220;h1&#8243; sub_lead=&#8220;yes&#8220; subheading=&#8220;Arbeiten bei PACK\u2018R&#8220;]Werden Sie Teil von PACK\u2018R und arbeiten Sie:[\/vc_custom_heading][vc_column_text]\u2013 in einem <strong>\u00fcberschaubaren Unternehmen<\/strong>, in dem Innovation im Mittelpunkt steht,<\/p>\n<p>\u2013 in einem jungen Team, das f\u00fcr sein Know-how, seine Zuverl\u00e4ssigkeit und Effizienz bekannt ist,<\/p>\n<p>\u2013 in einem <strong>international ausgerichteten Unternehmen<\/strong>, das Karrierechancen bietet.[\/vc_column_text][\/vc_column_inner][vc_column_inner column_width_percent=&#8220;100&#8243; position_vertical=&#8220;middle&#8220; align_horizontal=&#8220;align_center&#8220; gutter_size=&#8220;3&#8243; override_padding=&#8220;yes&#8220; column_padding=&#8220;0&#8243; style=&#8220;dark&#8220; back_image=&#8220;849&#8243; overlay_alpha=&#8220;50&#8243; shift_x=&#8220;0&#8243; shift_y=&#8220;0&#8243; shift_y_down=&#8220;0&#8243; z_index=&#8220;0&#8243; medium_width=&#8220;0&#8243; mobile_width=&#8220;0&#8243; width=&#8220;1\/3&#8243; el_class=&#8220;img-header-about&#8220;][vc_button button_color=&#8220;color-blanc&#8220; border_width=&#8220;0&#8243; icon=&#8220;fa fa-play2&#8243; media_lightbox=&#8220;844&#8243; el_class=&#8220;btn_shadow&#8220;]Video anschauen[\/vc_button][\/vc_column_inner][\/vc_row_inner][\/vc_column][\/vc_row][vc_row row_height_percent=&#8220;0&#8243; override_padding=&#8220;yes&#8220; h_padding=&#8220;2&#8243; top_padding=&#8220;2&#8243; bottom_padding=&#8220;3&#8243; overlay_alpha=&#8220;50&#8243; gutter_size=&#8220;3&#8243; column_width_percent=&#8220;100&#8243; shift_y=&#8220;0&#8243; z_index=&#8220;0&#8243;][vc_column column_width_percent=&#8220;100&#8243; position_vertical=&#8220;middle&#8220; gutter_size=&#8220;3&#8243; overlay_alpha=&#8220;50&#8243; shift_x=&#8220;0&#8243; shift_y=&#8220;0&#8243; shift_y_down=&#8220;0&#8243; z_index=&#8220;0&#8243; medium_width=&#8220;0&#8243; mobile_width=&#8220;0&#8243; width=&#8220;1\/2&#8243; el_id=&#8220;societe_intro_photo&#8220;][vc_single_image media=&#8220;6930&#8243; media_width_percent=&#8220;100&#8243; uncode_shortcode_id=&#8220;493720&#8243;][\/vc_column][vc_column column_width_percent=&#8220;100&#8243; position_vertical=&#8220;middle&#8220; gutter_size=&#8220;3&#8243; overlay_alpha=&#8220;50&#8243; shift_x=&#8220;0&#8243; shift_y=&#8220;0&#8243; shift_y_down=&#8220;0&#8243; z_index=&#8220;0&#8243; medium_width=&#8220;0&#8243; mobile_width=&#8220;0&#8243; width=&#8220;1\/2&#8243;][vc_custom_heading sub_lead=&#8220;yes&#8220; subheading=&#8220;Starke Werte&#8220;]Teil von PACK\u2018R zu werden bedeutet, unsere Werte zu teilen: Engagement und Exzellenz.[\/vc_custom_heading][vc_column_text uncode_shortcode_id=&#8220;459379&#8243;]Engagement f\u00fcr unsere Kunden durch Unterst\u00fctzung bei ihren Projekten sowie <strong>gemeinsames Engagement<\/strong> in einem Verbesserungsprozess. Dieser Wert unterstreicht den <strong>Teamgeist<\/strong>, verbessert die Zufriedenheit unserer Kunden und gibt uns eine Serviceorientierung.<\/p>\n<p>Exzellenz in unserer Arbeit und in <a href=\"https:\/\/www.packr.com\/de\/unsere-maschinen\/\"><strong>unseren Maschinen<\/strong><\/a>. Um Exzellenz zu erreichen, m\u00fcssen uns technische Leidenschaft, Leistung und Innovation leiten.<\/p>\n<p>Kurz gesagt: <strong>\u201eDer Exzellenz verpflichtet sein\u201c<\/strong>.[\/vc_column_text][\/vc_column][\/vc_row][vc_row row_height_percent=&#8220;0&#8243; override_padding=&#8220;yes&#8220; h_padding=&#8220;2&#8243; top_padding=&#8220;3&#8243; bottom_padding=&#8220;3&#8243; back_image=&#8220;66&#8243; back_repeat=&#8220;no-repeat&#8220; back_position=&#8220;center center&#8220; overlay_color=&#8220;color-489153&#8243; overlay_alpha=&#8220;80&#8243; gutter_size=&#8220;3&#8243; column_width_percent=&#8220;85&#8243; shift_y=&#8220;0&#8243; z_index=&#8220;0&#8243; el_id=&#8220;home_dynam&#8220; back_size=&#8220;cover&#8220;][vc_column column_width_percent=&#8220;100&#8243; align_horizontal=&#8220;align_center&#8220; gutter_size=&#8220;3&#8243; overlay_alpha=&#8220;50&#8243; shift_x=&#8220;0&#8243; shift_y=&#8220;0&#8243; shift_y_down=&#8220;0&#8243; z_index=&#8220;0&#8243; medium_width=&#8220;0&#8243; mobile_width=&#8220;0&#8243; width=&#8220;1\/1&#8243;][vc_custom_heading text_size=&#8220;h1&#8243; sub_lead=&#8220;yes&#8220; subheading=&#8220;Ein definierter Ansatz&#8220;]Unser Einstellungsverfahren[\/vc_custom_heading][vc_row_inner row_inner_height_percent=&#8220;0&#8243; overlay_alpha=&#8220;50&#8243; gutter_size=&#8220;3&#8243; shift_y=&#8220;0&#8243; z_index=&#8220;0&#8243;][vc_column_inner column_width_percent=&#8220;100&#8243; gutter_size=&#8220;3&#8243; overlay_alpha=&#8220;50&#8243; shift_x=&#8220;0&#8243; shift_y=&#8220;0&#8243; shift_y_down=&#8220;0&#8243; z_index=&#8220;0&#8243; medium_width=&#8220;0&#8243; mobile_width=&#8220;0&#8243; width=&#8220;1\/3&#8243;][vc_icon icon_image=&#8220;992&#8243; media_size=&#8220;60&#8243; heading_semantic=&#8220;p&#8220; text_font=&#8220;font-555555&#8243; text_size=&#8220;h4&#8243; title=&#8220;1. Ein erstes Gespr\u00e4ch mit HR&#8220;]<\/p>\n<ul>\n<li>Wir besprechen Ihren beruflichen Werdegang und Ihr berufliches Projekt mit Ihnen und stellen so sicher, dass es mit unseren Erwartungen und Anforderungen \u00fcbereinstimmt<\/li>\n<li>Wir ermitteln Ihre technischen F\u00e4higkeiten<\/li>\n<li>Wir stellen Ihnen unser Unternehmen und seine Werte vor<\/li>\n<\/ul>\n<p>[\/vc_icon][\/vc_column_inner][vc_column_inner column_width_percent=&#8220;100&#8243; gutter_size=&#8220;3&#8243; overlay_alpha=&#8220;50&#8243; shift_x=&#8220;0&#8243; shift_y=&#8220;0&#8243; shift_y_down=&#8220;0&#8243; z_index=&#8220;0&#8243; medium_width=&#8220;0&#8243; mobile_width=&#8220;0&#8243; width=&#8220;1\/3&#8243;][vc_icon icon_image=&#8220;996&#8243; media_size=&#8220;64&#8243; heading_semantic=&#8220;p&#8220; text_font=&#8220;font-555555&#8243; text_size=&#8220;h4&#8243; title=&#8220;2. Ein technischer Test&#8220;]<\/p>\n<ul>\n<li>Wir sch\u00e4tzen Ihre F\u00e4higkeiten in einer Arbeitssituation bestm\u00f6glich ein<\/li>\n<\/ul>\n<p>[\/vc_icon][\/vc_column_inner][vc_column_inner column_width_percent=&#8220;100&#8243; gutter_size=&#8220;3&#8243; overlay_alpha=&#8220;50&#8243; shift_x=&#8220;0&#8243; shift_y=&#8220;0&#8243; shift_y_down=&#8220;0&#8243; z_index=&#8220;0&#8243; medium_width=&#8220;0&#8243; mobile_width=&#8220;0&#8243; width=&#8220;1\/3&#8243;][vc_icon icon_image=&#8220;994&#8243; media_size=&#8220;70&#8243; heading_semantic=&#8220;p&#8220; text_font=&#8220;font-555555&#8243; text_size=&#8220;h4&#8243; title=&#8220;3. Ein zweites Gespr\u00e4ch mit unseren Managern&#8220;]<\/p>\n<ul>\n<li>Wir stellen Ihnen die verschiedenen M\u00f6glichkeiten im Detail vor<\/li>\n<li>Wir best\u00e4tigen Ihr ehrliches Interesse an der Stelle<\/li>\n<li>Wir qualifizieren Ihre technischen F\u00e4higkeiten<\/li>\n<\/ul>\n<p>[\/vc_icon][\/vc_column_inner][\/vc_row_inner][\/vc_column][\/vc_row][vc_row row_height_percent=&#8220;0&#8243; override_padding=&#8220;yes&#8220; h_padding=&#8220;2&#8243; top_padding=&#8220;3&#8243; bottom_padding=&#8220;4&#8243; overlay_alpha=&#8220;50&#8243; equal_height=&#8220;yes&#8220; gutter_size=&#8220;3&#8243; column_width_percent=&#8220;100&#8243; shift_y=&#8220;0&#8243; z_index=&#8220;0&#8243;][vc_column width=&#8220;2\/3&#8243;][vc_custom_heading text_size=&#8220;h1&#8243; sub_lead=&#8220;yes&#8220; subheading=&#8220;Auch interessant&#8220;]Weitere Informationen[\/vc_custom_heading][vc_column_text uncode_shortcode_id=&#8220;123978&#8243;]In bestimmten F\u00e4llen kann ein drittes Gespr\u00e4ch in Betracht gezogen werden.<\/p>\n<p>Um die besten Talente einzustellen, haben wir au\u00dferdem eine <strong>Partnerschaftspolitik<\/strong> mit zahlreichen Schulen.<\/p>\n<p>Alle Mitarbeitenden profitieren w\u00e4hrend der gesamten beruflichen Laufbahn von einer individuellen Betreuung:<\/p>\n<ul>\n<li>Integration und Betreuung durch die F\u00fchrungskraft und HR;<\/li>\n<li>ein <strong>j\u00e4hrliches<\/strong> <strong>Gespr\u00e4ch<\/strong>, bei dem jeder seine W\u00fcnsche, seine Entwicklungen oder die f\u00fcr das kommende Jahr in Betracht gezogene Weiterbildung \u00e4u\u00dfern kann;<\/li>\n<li><strong>individuelle und attraktive Karrierebetreuung<\/strong> basierend auf der Anerkennung sowohl individueller als auch kollektiver Leistungen;<\/li>\n<li>die Einrichtung <strong>regelm\u00e4\u00dfiger<\/strong> <strong>Schulungsprogramme<\/strong>, um die eigenen F\u00e4higkeiten zu verbessern oder weiter zu diversifizieren<\/li>\n<\/ul>\n<p>[\/vc_column_text][\/vc_column][vc_column column_width_percent=&#8220;100&#8243; gutter_size=&#8220;3&#8243; back_image=&#8220;110&#8243; back_repeat=&#8220;no-repeat&#8220; back_position=&#8220;left center&#8220; overlay_alpha=&#8220;50&#8243; shift_x=&#8220;0&#8243; shift_y=&#8220;0&#8243; shift_y_down=&#8220;0&#8243; z_index=&#8220;0&#8243; medium_width=&#8220;0&#8243; mobile_width=&#8220;0&#8243; width=&#8220;1\/3&#8243; back_size=&#8220;cover&#8220; el_class=&#8220;img_in_bg&#8220; uncode_shortcode_id=&#8220;451467&#8243;][\/vc_column][\/vc_row]<\/p>\n<\/div>","protected":false},"excerpt":{"rendered":"<p>[vc_row row_height_percent=&#8220;0&#8243; back_color=&#8220;color-489153&#8243; overlay_alpha=&#8220;50&#8243; gutter_size=&#8220;3&#8243; column_width_percent=&#8220;100&#8243; shift_y=&#8220;0&#8243; z_index=&#8220;0&#8243;][vc_column column_width_percent=&#8220;100&#8243; gutter_size=&#8220;2&#8243; overlay_alpha=&#8220;50&#8243; shift_x=&#8220;0&#8243; shift_y=&#8220;0&#8243; shift_y_down=&#8220;0&#8243; z_index=&#8220;0&#8243; medium_width=&#8220;0&#8243; mobile_width=&#8220;0&#8243; width=&#8220;1\/1&#8243; el_id=&#8220;header_cont_indus&#8220;][vc_column_text][\/vc_column_text][vc_row_inner row_inner_height_percent=&#8220;0&#8243; [&hellip;]<\/p>\n","protected":false},"author":1,"featured_media":0,"parent":0,"menu_order":0,"comment_status":"closed","ping_status":"closed","template":"","meta":{"_acf_changed":false,"footnotes":""},"class_list":["post-6288","page","type-page","status-publish","hentry"],"acf":[],"yoast_head":"<!-- This site is optimized with the Yoast SEO plugin v25.6 - https:\/\/yoast.com\/wordpress\/plugins\/seo\/ -->\n<title>Werden Sie Teil von PACK\u2018R \u2013 Ein auf Spitzenleistungen ausgerichtetes Team - PACKR<\/title>\n<meta name=\"description\" content=\"PACK\u2018R: Teil eines \u00fcberschaubaren Unternehmens werden. Teil von uns zu werden bedeutet, unsere Werte zu teilen: Engagement und Exzellenz.\" \/>\n<meta name=\"robots\" content=\"index, follow, max-snippet:-1, max-image-preview:large, max-video-preview:-1\" \/>\n<link rel=\"canonical\" href=\"https:\/\/www.packr.com\/de\/werden-sie-teil-von-packr\/\" \/>\n<meta property=\"og:locale\" content=\"de_DE\" \/>\n<meta property=\"og:type\" content=\"article\" \/>\n<meta property=\"og:title\" content=\"Werden Sie Teil von PACK\u2018R \u2013 Ein auf Spitzenleistungen ausgerichtetes Team - PACKR\" \/>\n<meta property=\"og:description\" content=\"PACK\u2018R: Teil eines \u00fcberschaubaren Unternehmens werden. Teil von uns zu werden bedeutet, unsere Werte zu teilen: Engagement und Exzellenz.\" \/>\n<meta property=\"og:url\" content=\"https:\/\/www.packr.com\/de\/werden-sie-teil-von-packr\/\" \/>\n<meta property=\"og:site_name\" content=\"PACKR\" \/>\n<meta property=\"article:modified_time\" content=\"2024-04-11T14:26:02+00:00\" \/>\n<meta name=\"twitter:card\" content=\"summary_large_image\" \/>\n<meta name=\"twitter:label1\" content=\"Gesch\u00e4tzte Lesezeit\" \/>\n\t<meta name=\"twitter:data1\" content=\"3\u00a0Minuten\" \/>\n<script type=\"application\/ld+json\" class=\"yoast-schema-graph\">{\"@context\":\"https:\/\/schema.org\",\"@graph\":[{\"@type\":\"WebPage\",\"@id\":\"https:\/\/www.packr.com\/de\/werden-sie-teil-von-packr\/\",\"url\":\"https:\/\/www.packr.com\/de\/werden-sie-teil-von-packr\/\",\"name\":\"Werden Sie Teil von PACK\u2018R \u2013 Ein auf Spitzenleistungen ausgerichtetes Team - PACKR\",\"isPartOf\":{\"@id\":\"https:\/\/www.packr.com\/de\/#website\"},\"datePublished\":\"2021-01-14T16:43:17+00:00\",\"dateModified\":\"2024-04-11T14:26:02+00:00\",\"description\":\"PACK\u2018R: Teil eines \u00fcberschaubaren Unternehmens werden. Teil von uns zu werden bedeutet, unsere Werte zu teilen: Engagement und Exzellenz.\",\"breadcrumb\":{\"@id\":\"https:\/\/www.packr.com\/de\/werden-sie-teil-von-packr\/#breadcrumb\"},\"inLanguage\":\"de\",\"potentialAction\":[{\"@type\":\"ReadAction\",\"target\":[\"https:\/\/www.packr.com\/de\/werden-sie-teil-von-packr\/\"]}]},{\"@type\":\"BreadcrumbList\",\"@id\":\"https:\/\/www.packr.com\/de\/werden-sie-teil-von-packr\/#breadcrumb\",\"itemListElement\":[{\"@type\":\"ListItem\",\"position\":1,\"name\":\"Startseite\",\"item\":\"https:\/\/www.packr.com\/de\/\"},{\"@type\":\"ListItem\",\"position\":2,\"name\":\"Werden Sie Teil von PACK\u2018R\"}]},{\"@type\":\"WebSite\",\"@id\":\"https:\/\/www.packr.com\/de\/#website\",\"url\":\"https:\/\/www.packr.com\/de\/\",\"name\":\"PACKR\",\"description\":\"Filling Solutions\",\"publisher\":{\"@id\":\"https:\/\/www.packr.com\/de\/#organization\"},\"potentialAction\":[{\"@type\":\"SearchAction\",\"target\":{\"@type\":\"EntryPoint\",\"urlTemplate\":\"https:\/\/www.packr.com\/de\/?s={search_term_string}\"},\"query-input\":{\"@type\":\"PropertyValueSpecification\",\"valueRequired\":true,\"valueName\":\"search_term_string\"}}],\"inLanguage\":\"de\"},{\"@type\":\"Organization\",\"@id\":\"https:\/\/www.packr.com\/de\/#organization\",\"name\":\"PACKR\",\"url\":\"https:\/\/www.packr.com\/de\/\",\"logo\":{\"@type\":\"ImageObject\",\"inLanguage\":\"de\",\"@id\":\"https:\/\/www.packr.com\/de\/#\/schema\/logo\/image\/\",\"url\":\"https:\/\/www.packr.com\/wp-content\/uploads\/2020\/12\/logo_packr.svg\",\"contentUrl\":\"https:\/\/www.packr.com\/wp-content\/uploads\/2020\/12\/logo_packr.svg\",\"width\":270,\"height\":855,\"caption\":\"PACKR\"},\"image\":{\"@id\":\"https:\/\/www.packr.com\/de\/#\/schema\/logo\/image\/\"}}]}<\/script>\n<!-- \/ Yoast SEO plugin. -->","yoast_head_json":{"title":"Werden Sie Teil von PACK\u2018R \u2013 Ein auf Spitzenleistungen ausgerichtetes Team - PACKR","description":"PACK\u2018R: Teil eines \u00fcberschaubaren Unternehmens werden. Teil von uns zu werden bedeutet, unsere Werte zu teilen: Engagement und Exzellenz.","robots":{"index":"index","follow":"follow","max-snippet":"max-snippet:-1","max-image-preview":"max-image-preview:large","max-video-preview":"max-video-preview:-1"},"canonical":"https:\/\/www.packr.com\/de\/werden-sie-teil-von-packr\/","og_locale":"de_DE","og_type":"article","og_title":"Werden Sie Teil von PACK\u2018R \u2013 Ein auf Spitzenleistungen ausgerichtetes Team - PACKR","og_description":"PACK\u2018R: Teil eines \u00fcberschaubaren Unternehmens werden. Teil von uns zu werden bedeutet, unsere Werte zu teilen: Engagement und Exzellenz.","og_url":"https:\/\/www.packr.com\/de\/werden-sie-teil-von-packr\/","og_site_name":"PACKR","article_modified_time":"2024-04-11T14:26:02+00:00","twitter_card":"summary_large_image","twitter_misc":{"Gesch\u00e4tzte Lesezeit":"3\u00a0Minuten"},"schema":{"@context":"https:\/\/schema.org","@graph":[{"@type":"WebPage","@id":"https:\/\/www.packr.com\/de\/werden-sie-teil-von-packr\/","url":"https:\/\/www.packr.com\/de\/werden-sie-teil-von-packr\/","name":"Werden Sie Teil von PACK\u2018R \u2013 Ein auf Spitzenleistungen ausgerichtetes Team - PACKR","isPartOf":{"@id":"https:\/\/www.packr.com\/de\/#website"},"datePublished":"2021-01-14T16:43:17+00:00","dateModified":"2024-04-11T14:26:02+00:00","description":"PACK\u2018R: Teil eines \u00fcberschaubaren Unternehmens werden. Teil von uns zu werden bedeutet, unsere Werte zu teilen: Engagement und Exzellenz.","breadcrumb":{"@id":"https:\/\/www.packr.com\/de\/werden-sie-teil-von-packr\/#breadcrumb"},"inLanguage":"de","potentialAction":[{"@type":"ReadAction","target":["https:\/\/www.packr.com\/de\/werden-sie-teil-von-packr\/"]}]},{"@type":"BreadcrumbList","@id":"https:\/\/www.packr.com\/de\/werden-sie-teil-von-packr\/#breadcrumb","itemListElement":[{"@type":"ListItem","position":1,"name":"Startseite","item":"https:\/\/www.packr.com\/de\/"},{"@type":"ListItem","position":2,"name":"Werden Sie Teil von PACK\u2018R"}]},{"@type":"WebSite","@id":"https:\/\/www.packr.com\/de\/#website","url":"https:\/\/www.packr.com\/de\/","name":"PACKR","description":"Filling Solutions","publisher":{"@id":"https:\/\/www.packr.com\/de\/#organization"},"potentialAction":[{"@type":"SearchAction","target":{"@type":"EntryPoint","urlTemplate":"https:\/\/www.packr.com\/de\/?s={search_term_string}"},"query-input":{"@type":"PropertyValueSpecification","valueRequired":true,"valueName":"search_term_string"}}],"inLanguage":"de"},{"@type":"Organization","@id":"https:\/\/www.packr.com\/de\/#organization","name":"PACKR","url":"https:\/\/www.packr.com\/de\/","logo":{"@type":"ImageObject","inLanguage":"de","@id":"https:\/\/www.packr.com\/de\/#\/schema\/logo\/image\/","url":"https:\/\/www.packr.com\/wp-content\/uploads\/2020\/12\/logo_packr.svg","contentUrl":"https:\/\/www.packr.com\/wp-content\/uploads\/2020\/12\/logo_packr.svg","width":270,"height":855,"caption":"PACKR"},"image":{"@id":"https:\/\/www.packr.com\/de\/#\/schema\/logo\/image\/"}}]}},"_links":{"self":[{"href":"https:\/\/www.packr.com\/de\/wp-json\/wp\/v2\/pages\/6288"}],"collection":[{"href":"https:\/\/www.packr.com\/de\/wp-json\/wp\/v2\/pages"}],"about":[{"href":"https:\/\/www.packr.com\/de\/wp-json\/wp\/v2\/types\/page"}],"author":[{"embeddable":true,"href":"https:\/\/www.packr.com\/de\/wp-json\/wp\/v2\/users\/1"}],"replies":[{"embeddable":true,"href":"https:\/\/www.packr.com\/de\/wp-json\/wp\/v2\/comments?post=6288"}],"version-history":[{"count":15,"href":"https:\/\/www.packr.com\/de\/wp-json\/wp\/v2\/pages\/6288\/revisions"}],"predecessor-version":[{"id":6934,"href":"https:\/\/www.packr.com\/de\/wp-json\/wp\/v2\/pages\/6288\/revisions\/6934"}],"wp:attachment":[{"href":"https:\/\/www.packr.com\/de\/wp-json\/wp\/v2\/media?parent=6288"}],"curies":[{"name":"wp","href":"https:\/\/api.w.org\/{rel}","templated":true}]}}