{"id":10852,"date":"2021-01-14T15:55:24","date_gmt":"2021-01-14T14:55:24","guid":{"rendered":"https:\/\/www.packr.com\/mentions-legales-et-cgu\/"},"modified":"2026-03-03T17:15:18","modified_gmt":"2026-03-03T16:15:18","slug":"mentions-legales-et-cgu","status":"publish","type":"page","link":"https:\/\/www.packr.com\/dz\/mentions-legales-et-cgu\/","title":{"rendered":"Mentions l\u00e9gales et CGU"},"content":{"rendered":"<div class=\"wpb-content-wrapper\"><p>[vc_row row_height_percent=&#8221;0&#8243; back_color=&#8221;color-489153&#8243; overlay_alpha=&#8221;50&#8243; gutter_size=&#8221;3&#8243; column_width_percent=&#8221;100&#8243; shift_y=&#8221;0&#8243; z_index=&#8221;0&#8243;][vc_column column_width_percent=&#8221;100&#8243; align_horizontal=&#8221;align_center&#8221; gutter_size=&#8221;3&#8243; overlay_alpha=&#8221;50&#8243; shift_x=&#8221;0&#8243; shift_y=&#8221;0&#8243; shift_y_down=&#8221;0&#8243; z_index=&#8221;0&#8243; medium_width=&#8221;0&#8243; mobile_width=&#8221;0&#8243; width=&#8221;1\/1&#8243; el_id=&#8221;header_cont_indus&#8221;][vc_column_text]<span><span><a href=\"https:\/\/www.packr.com\/dz\/\">Home<\/a><\/span><\/span>[\/vc_column_text][vc_custom_heading heading_semantic=&#8221;h1&#8243; text_size=&#8221;h1&#8243; sub_lead=&#8221;yes&#8221; subheading=&#8221;Nous vous informons&#8221;]Mentions l\u00e9gales et CGU[\/vc_custom_heading][\/vc_column][\/vc_row][vc_row row_height_percent=&#8221;0&#8243; override_padding=&#8221;yes&#8221; h_padding=&#8221;2&#8243; top_padding=&#8221;3&#8243; bottom_padding=&#8221;4&#8243; overlay_alpha=&#8221;50&#8243; gutter_size=&#8221;3&#8243; column_width_percent=&#8221;100&#8243; shift_y=&#8221;0&#8243; z_index=&#8221;0&#8243;][vc_column width=&#8221;1\/1&#8243;][vc_row_inner][vc_column_inner width=&#8221;1\/2&#8243;][vc_column_text]<\/p>\n<h2>PACK&#8217;R est \u00e9dit\u00e9 par la soci\u00e9t\u00e9 :<\/h2>\n<p>PACK&#8217;R<br \/>\nSi\u00e8ge social : PACK&#8217;R<br \/>\nAdresse : 2, rue de la Caillardi\u00e8re \u2013 49070 \u2013 Beaucouz\u00e9 \u2013 FR<br \/>\nDirecteur de la publication : Didier BESSARD<br \/>\nRCS : Angers<br \/>\nN\u00b0 SIRET : 351 580 238 00035<br \/>\nCode APE : 2829A<br \/>\nTVA Intracommunautaire : FR 71351580238<br \/>\nN\u00b0 t\u00e9l\u00e9phone : +33 (0)2 41 73 29 73<br \/>\nE-mail : marketing@packr.com[\/vc_column_text][\/vc_column_inner][vc_column_inner width=&#8221;1\/2&#8243;][vc_column_text]<\/p>\n<h2>Le site PACK&#8217;R est h\u00e9berg\u00e9 par :<\/h2>\n<p>INFOMANIAK Network SA<br \/>\nAvenue de la Paille<br \/>\n26 1227 Gen\u00e8ve<br \/>\nSuisse<br \/>\nPhone :+41 228 203 544<br \/>\nE-mail : support@infomaniak.ch<\/p>\n<h2>Le site PACK&#8217;R a \u00e9t\u00e9 r\u00e9alis\u00e9 par :<\/h2>\n<p>Agence web Enjin<br \/>\nE-mail : contact@enjin.fr<br \/>\nSite internet : www.enjin.fr[\/vc_column_text][\/vc_column_inner][\/vc_row_inner][vc_row_inner][vc_column_inner width=&#8221;1\/1&#8243;][vc_column_text]Le site a \u00e9t\u00e9 commandit\u00e9 par PACK\u2019R.<br \/>\nLe site Internet\u00a0www.packr.com est la propri\u00e9t\u00e9 exclusive de PACK\u2019R.<br \/>\nLa consultation du site est subordonn\u00e9e \u00e0 l\u2019acceptation int\u00e9grale et au respect par les internautes, des conditions d\u2019utilisation suivantes. L\u2019internaute s\u2019engage d\u2019ores et d\u00e9j\u00e0 \u00e0 faire des informations contenues sur le site un usage personnel et non commercial. En cas de non-respect des dispositions de la pr\u00e9sente Charte, par l\u2019internaute, sa responsabilit\u00e9 civile et\/ou p\u00e9nale pourrai(en)t se voir engag\u00e9e(s).[\/vc_column_text][\/vc_column_inner][\/vc_row_inner][vc_column_text]<\/p>\n<h2>Conditions g\u00e9n\u00e9rales d\u2019utilisation du site et des services propos\u00e9s<\/h2>\n<p>L\u2019utilisation du site\u00a0: https:\/\/www.packr.com implique l\u2019acceptation pleine et enti\u00e8re des conditions g\u00e9n\u00e9rales d\u2019utilisation ci-apr\u00e8s d\u00e9crites. Ces conditions d\u2019utilisation sont susceptibles d\u2019\u00eatre modifi\u00e9es ou compl\u00e9t\u00e9es \u00e0 tout moment, les utilisateurs du site sont donc invit\u00e9s \u00e0 les consulter de mani\u00e8re r\u00e9guli\u00e8re.<\/p>\n<p>Ce site est normalement accessible \u00e0 tout moment aux utilisateurs. Une interruption pour raison de maintenance technique peut \u00eatre toutefois d\u00e9cid\u00e9e par PACK\u2019R qui s\u2019efforcera alors de communiquer pr\u00e9alablement aux utilisateurs les dates et heures d\u2019intervention.<\/p>\n<h3>1 \u2013 Contenu du Site<\/h3>\n<p>Le site est exploit\u00e9 par PACK\u2019R.<br \/>\nSite de pr\u00e9sentation des activit\u00e9s et services de PACK\u2019R.<\/p>\n<p>Toutes les informations indiqu\u00e9es sur le site https:\/\/www.packr.com sont donn\u00e9es \u00e0 titre indicatif et sont susceptibles d\u2019\u00e9voluer. Par ailleurs, les renseignements figurant sur le site https:\/\/www.packr.com ne sont pas exhaustifs. Ils sont donn\u00e9s sous r\u00e9serve de modifications ayant \u00e9t\u00e9 apport\u00e9es depuis leur mise en ligne.<\/p>\n<h3>2- Propri\u00e9t\u00e9 intellectuelle<\/h3>\n<p>Le site constitue une \u0153uvre dont PACK\u2019R est l\u2019auteur au sens des articles L111.1 et suivants du Code de propri\u00e9t\u00e9 intellectuelle.<\/p>\n<p>De mani\u00e8re g\u00e9n\u00e9rale, les donn\u00e9es, les programmes, les \u00e9chantillons musicaux, les textes, les informations, les logos, les identit\u00e9s visuelles, les images anim\u00e9es ou non et leurs mises en forme apparaissant sur le site sont la propri\u00e9t\u00e9 de PACK\u2019R et sont prot\u00e9g\u00e9es \u00e0 ce titre par les dispositions du Code de la propri\u00e9t\u00e9 intellectuelle.<\/p>\n<p>Tout internaute s\u2019engage \u00e0 ne pas les utiliser et \u00e0 ne permettre \u00e0 quiconque d\u2019utiliser ces contenus \u00e0 des fins ill\u00e9gales.<\/p>\n<p>Toute repr\u00e9sentation ou reproduction, totale ou partielle, permanente ou temporaire, sur un support informatique et\/ou papier, et par quelque proc\u00e9d\u00e9 que ce soit (notamment par voie de framing*), de l\u2019un ou l\u2019autre des \u00e9l\u00e9ments du site ou des services propos\u00e9s \u00e0 la vente, sans l\u2019accord pr\u00e9alable et expr\u00e8s de PACK\u2019R est interdite, et constitue un acte de contrefa\u00e7on, qui pourra entra\u00eener des condamnations civiles et\/ou p\u00e9nales. Seule l\u2019impression papier est autoris\u00e9e aux fins de copie priv\u00e9e \u00e0 l\u2019usage exclusif du copiste au sens de l\u2019article L122-5 2\u00b0 du Code de propri\u00e9t\u00e9 intellectuelle.<\/p>\n<p>Aucun lien hypertexte vers le site ne peut \u00eatre install\u00e9 sans l\u2019accord pr\u00e9alable et expr\u00e8s de PACK\u2019R.<\/p>\n<p>*action de capter le contenu de pages d\u2019un site Internet pour le transf\u00e9rer sur son propre site Internet par le biais d\u2019un lien hypertexte, en faisant appara\u00eetre ledit contenu comme le sien.<\/p>\n<h3>3- Protection des donn\u00e9es personnelles<\/h3>\n<p>L\u2019internaute peut \u00eatre amen\u00e9 \u00e0 d\u00e9poser certaines donn\u00e9es personnelles en r\u00e9pondant aux formulaires qui lui sont propos\u00e9s. La saisie de ces donn\u00e9es est n\u00e9cessaire au traitement de la demande de l\u2019internaute par PACK\u2019R.<\/p>\n<p>PACK\u2019R s\u2019engage \u00e0 respecter les dispositions de la loi n\u00b078-17 du 6 janvier 1978 relative \u00e0 l\u2019informatique, aux fichiers et aux libert\u00e9s modifi\u00e9e et prendre toute pr\u00e9caution n\u00e9cessaire pour pr\u00e9server la s\u00e9curit\u00e9 des informations nominatives confi\u00e9es. Les informations \u00e0 caract\u00e8re personnel pourront \u00eatre communiqu\u00e9es \u00e0 des soci\u00e9t\u00e9s tierces sans accord pr\u00e9alable.<\/p>\n<h3>4- Responsabilit\u00e9<\/h3>\n<p>PACK\u2019R d\u00e9cline toute responsabilit\u00e9 quant aux \u00e9ventuels dysfonctionnements pouvant survenir sur le site et entra\u00eener une perte de donn\u00e9es ou une indisponibilit\u00e9 de l\u2019acc\u00e8s aux informations produites sur celui-ci.<\/p>\n<p>Les \u00e9l\u00e9ments pr\u00e9sent\u00e9s sur le site sont susceptibles de modification sans pr\u00e9avis et sont mis \u00e0 la disposition des internautes, sans aucune garantie d\u2019aucune sorte, expresse ou tacite.<\/p>\n<p>La pr\u00e9sence de liens hypertextes pr\u00e9sents sur le site \u2013 quel que soit l\u2019existence pr\u00e9alable ou non de l\u2019accord de PACK\u2019R \u2013 ne cr\u00e9e pas une solidarit\u00e9 de responsabilit\u00e9 entre celle-ci et les propri\u00e9taires des autres sites, quant au contenu des sites sur lesquels est redirig\u00e9 l\u2019internaute.<\/p>\n<p>PACK\u2019R ne peut garantir l\u2019exhaustivit\u00e9 et la v\u00e9racit\u00e9 des informations pr\u00e9sentes sur le site. De la m\u00eame mani\u00e8re, il ne peut garantir l\u2019absence de modification par un tiers (intrusion, virus).<\/p>\n<p>En outre, l\u2019internaute est seul responsable de l\u2019utilisation qu\u2019il fait du contenu du site. Sauf faute grave exclusive de PACK\u2019R, sa responsabilit\u00e9 ne peut \u00eatre engag\u00e9e pour des dommages directs et indirects li\u00e9s \u00e0 l\u2019utilisation des informations produites sur le Site.<\/p>\n<h3>5- Loi applicable et comp\u00e9tence judiciaire<\/h3>\n<p>L\u2019ensemble des informations diffus\u00e9 sur le site et l\u2019utilisation qui en est faite sont soumis exclusivement au droit fran\u00e7ais. Seuls les tribunaux relevant du ressort de la Cour d\u2019appel de Rennes sont comp\u00e9tents pour conna\u00eetre des \u00e9ventuels litiges li\u00e9s \u00e0 l\u2019utilisation du site.[\/vc_column_text][\/vc_column][\/vc_row]<\/p>\n<\/div>","protected":false},"excerpt":{"rendered":"<p>[vc_row row_height_percent=&#8221;0&#8243; back_color=&#8221;color-489153&#8243; overlay_alpha=&#8221;50&#8243; gutter_size=&#8221;3&#8243; column_width_percent=&#8221;100&#8243; shift_y=&#8221;0&#8243; z_index=&#8221;0&#8243;][vc_column column_width_percent=&#8221;100&#8243; align_horizontal=&#8221;align_center&#8221; gutter_size=&#8221;3&#8243; overlay_alpha=&#8221;50&#8243; shift_x=&#8221;0&#8243; shift_y=&#8221;0&#8243; shift_y_down=&#8221;0&#8243; z_index=&#8221;0&#8243; medium_width=&#8221;0&#8243; mobile_width=&#8221;0&#8243; width=&#8221;1\/1&#8243; el_id=&#8221;header_cont_indus&#8221;][vc_column_text][\/vc_column_text][vc_custom_heading [&hellip;]<\/p>\n","protected":false},"author":1,"featured_media":0,"parent":0,"menu_order":0,"comment_status":"closed","ping_status":"closed","template":"","meta":{"_acf_changed":false,"footnotes":""},"class_list":["post-10852","page","type-page","status-publish","hentry"],"acf":[],"yoast_head":"<!-- This site is optimized with the Yoast SEO plugin v25.6 - https:\/\/yoast.com\/wordpress\/plugins\/seo\/ -->\n<title>Mentions l\u00e9gales et CGU - PACKR<\/title>\n<meta name=\"robots\" content=\"index, follow, max-snippet:-1, max-image-preview:large, max-video-preview:-1\" \/>\n<link rel=\"canonical\" href=\"https:\/\/www.packr.com\/dz\/mentions-legales-et-cgu\/\" \/>\n<meta property=\"og:locale\" content=\"en_US\" \/>\n<meta property=\"og:type\" content=\"article\" \/>\n<meta property=\"og:title\" content=\"Mentions l\u00e9gales et CGU - PACKR\" \/>\n<meta property=\"og:description\" content=\"[vc_row row_height_percent=&#8221;0&#8243; back_color=&#8221;color-489153&#8243; overlay_alpha=&#8221;50&#8243; gutter_size=&#8221;3&#8243; column_width_percent=&#8221;100&#8243; shift_y=&#8221;0&#8243; z_index=&#8221;0&#8243;][vc_column column_width_percent=&#8221;100&#8243; align_horizontal=&#8221;align_center&#8221; gutter_size=&#8221;3&#8243; overlay_alpha=&#8221;50&#8243; shift_x=&#8221;0&#8243; shift_y=&#8221;0&#8243; shift_y_down=&#8221;0&#8243; z_index=&#8221;0&#8243; medium_width=&#8221;0&#8243; mobile_width=&#8221;0&#8243; width=&#8221;1\/1&#8243; el_id=&#8221;header_cont_indus&#8221;][vc_column_text][\/vc_column_text][vc_custom_heading [&hellip;]\" \/>\n<meta property=\"og:url\" content=\"https:\/\/www.packr.com\/dz\/mentions-legales-et-cgu\/\" \/>\n<meta property=\"og:site_name\" content=\"PACKR\" \/>\n<meta property=\"article:modified_time\" content=\"2026-03-03T16:15:18+00:00\" \/>\n<meta name=\"twitter:card\" content=\"summary_large_image\" \/>\n<meta name=\"twitter:label1\" content=\"Est. reading time\" \/>\n\t<meta name=\"twitter:data1\" content=\"4 minutes\" \/>\n<script type=\"application\/ld+json\" class=\"yoast-schema-graph\">{\"@context\":\"https:\/\/schema.org\",\"@graph\":[{\"@type\":\"WebPage\",\"@id\":\"https:\/\/www.packr.com\/dz\/mentions-legales-et-cgu\/\",\"url\":\"https:\/\/www.packr.com\/dz\/mentions-legales-et-cgu\/\",\"name\":\"Mentions l\u00e9gales et CGU - PACKR\",\"isPartOf\":{\"@id\":\"https:\/\/www.packr.com\/dz\/#website\"},\"datePublished\":\"2021-01-14T14:55:24+00:00\",\"dateModified\":\"2026-03-03T16:15:18+00:00\",\"breadcrumb\":{\"@id\":\"https:\/\/www.packr.com\/dz\/mentions-legales-et-cgu\/#breadcrumb\"},\"inLanguage\":\"dz\",\"potentialAction\":[{\"@type\":\"ReadAction\",\"target\":[\"https:\/\/www.packr.com\/dz\/mentions-legales-et-cgu\/\"]}]},{\"@type\":\"BreadcrumbList\",\"@id\":\"https:\/\/www.packr.com\/dz\/mentions-legales-et-cgu\/#breadcrumb\",\"itemListElement\":[{\"@type\":\"ListItem\",\"position\":1,\"name\":\"Home\",\"item\":\"https:\/\/www.packr.com\/dz\/\"},{\"@type\":\"ListItem\",\"position\":2,\"name\":\"Mentions l\u00e9gales et CGU\"}]},{\"@type\":\"WebSite\",\"@id\":\"https:\/\/www.packr.com\/dz\/#website\",\"url\":\"https:\/\/www.packr.com\/dz\/\",\"name\":\"PACKR\",\"description\":\"Filling Solutions\",\"publisher\":{\"@id\":\"https:\/\/www.packr.com\/dz\/#organization\"},\"potentialAction\":[{\"@type\":\"SearchAction\",\"target\":{\"@type\":\"EntryPoint\",\"urlTemplate\":\"https:\/\/www.packr.com\/dz\/?s={search_term_string}\"},\"query-input\":{\"@type\":\"PropertyValueSpecification\",\"valueRequired\":true,\"valueName\":\"search_term_string\"}}],\"inLanguage\":\"dz\"},{\"@type\":\"Organization\",\"@id\":\"https:\/\/www.packr.com\/dz\/#organization\",\"name\":\"PACKR\",\"url\":\"https:\/\/www.packr.com\/dz\/\",\"logo\":{\"@type\":\"ImageObject\",\"inLanguage\":\"dz\",\"@id\":\"https:\/\/www.packr.com\/dz\/#\/schema\/logo\/image\/\",\"url\":\"https:\/\/www.packr.com\/wp-content\/uploads\/2020\/12\/logo_packr.svg\",\"contentUrl\":\"https:\/\/www.packr.com\/wp-content\/uploads\/2020\/12\/logo_packr.svg\",\"width\":270,\"height\":855,\"caption\":\"PACKR\"},\"image\":{\"@id\":\"https:\/\/www.packr.com\/dz\/#\/schema\/logo\/image\/\"}}]}<\/script>\n<!-- \/ Yoast SEO plugin. -->","yoast_head_json":{"title":"Mentions l\u00e9gales et CGU - PACKR","robots":{"index":"index","follow":"follow","max-snippet":"max-snippet:-1","max-image-preview":"max-image-preview:large","max-video-preview":"max-video-preview:-1"},"canonical":"https:\/\/www.packr.com\/dz\/mentions-legales-et-cgu\/","og_locale":"en_US","og_type":"article","og_title":"Mentions l\u00e9gales et CGU - PACKR","og_description":"[vc_row row_height_percent=&#8221;0&#8243; back_color=&#8221;color-489153&#8243; overlay_alpha=&#8221;50&#8243; gutter_size=&#8221;3&#8243; column_width_percent=&#8221;100&#8243; shift_y=&#8221;0&#8243; z_index=&#8221;0&#8243;][vc_column column_width_percent=&#8221;100&#8243; align_horizontal=&#8221;align_center&#8221; gutter_size=&#8221;3&#8243; overlay_alpha=&#8221;50&#8243; shift_x=&#8221;0&#8243; shift_y=&#8221;0&#8243; shift_y_down=&#8221;0&#8243; z_index=&#8221;0&#8243; medium_width=&#8221;0&#8243; mobile_width=&#8221;0&#8243; width=&#8221;1\/1&#8243; el_id=&#8221;header_cont_indus&#8221;][vc_column_text][\/vc_column_text][vc_custom_heading [&hellip;]","og_url":"https:\/\/www.packr.com\/dz\/mentions-legales-et-cgu\/","og_site_name":"PACKR","article_modified_time":"2026-03-03T16:15:18+00:00","twitter_card":"summary_large_image","twitter_misc":{"Est. reading time":"4 minutes"},"schema":{"@context":"https:\/\/schema.org","@graph":[{"@type":"WebPage","@id":"https:\/\/www.packr.com\/dz\/mentions-legales-et-cgu\/","url":"https:\/\/www.packr.com\/dz\/mentions-legales-et-cgu\/","name":"Mentions l\u00e9gales et CGU - PACKR","isPartOf":{"@id":"https:\/\/www.packr.com\/dz\/#website"},"datePublished":"2021-01-14T14:55:24+00:00","dateModified":"2026-03-03T16:15:18+00:00","breadcrumb":{"@id":"https:\/\/www.packr.com\/dz\/mentions-legales-et-cgu\/#breadcrumb"},"inLanguage":"dz","potentialAction":[{"@type":"ReadAction","target":["https:\/\/www.packr.com\/dz\/mentions-legales-et-cgu\/"]}]},{"@type":"BreadcrumbList","@id":"https:\/\/www.packr.com\/dz\/mentions-legales-et-cgu\/#breadcrumb","itemListElement":[{"@type":"ListItem","position":1,"name":"Home","item":"https:\/\/www.packr.com\/dz\/"},{"@type":"ListItem","position":2,"name":"Mentions l\u00e9gales et CGU"}]},{"@type":"WebSite","@id":"https:\/\/www.packr.com\/dz\/#website","url":"https:\/\/www.packr.com\/dz\/","name":"PACKR","description":"Filling Solutions","publisher":{"@id":"https:\/\/www.packr.com\/dz\/#organization"},"potentialAction":[{"@type":"SearchAction","target":{"@type":"EntryPoint","urlTemplate":"https:\/\/www.packr.com\/dz\/?s={search_term_string}"},"query-input":{"@type":"PropertyValueSpecification","valueRequired":true,"valueName":"search_term_string"}}],"inLanguage":"dz"},{"@type":"Organization","@id":"https:\/\/www.packr.com\/dz\/#organization","name":"PACKR","url":"https:\/\/www.packr.com\/dz\/","logo":{"@type":"ImageObject","inLanguage":"dz","@id":"https:\/\/www.packr.com\/dz\/#\/schema\/logo\/image\/","url":"https:\/\/www.packr.com\/wp-content\/uploads\/2020\/12\/logo_packr.svg","contentUrl":"https:\/\/www.packr.com\/wp-content\/uploads\/2020\/12\/logo_packr.svg","width":270,"height":855,"caption":"PACKR"},"image":{"@id":"https:\/\/www.packr.com\/dz\/#\/schema\/logo\/image\/"}}]}},"_links":{"self":[{"href":"https:\/\/www.packr.com\/dz\/wp-json\/wp\/v2\/pages\/10852"}],"collection":[{"href":"https:\/\/www.packr.com\/dz\/wp-json\/wp\/v2\/pages"}],"about":[{"href":"https:\/\/www.packr.com\/dz\/wp-json\/wp\/v2\/types\/page"}],"author":[{"embeddable":true,"href":"https:\/\/www.packr.com\/dz\/wp-json\/wp\/v2\/users\/1"}],"replies":[{"embeddable":true,"href":"https:\/\/www.packr.com\/dz\/wp-json\/wp\/v2\/comments?post=10852"}],"version-history":[{"count":1,"href":"https:\/\/www.packr.com\/dz\/wp-json\/wp\/v2\/pages\/10852\/revisions"}],"predecessor-version":[{"id":10853,"href":"https:\/\/www.packr.com\/dz\/wp-json\/wp\/v2\/pages\/10852\/revisions\/10853"}],"wp:attachment":[{"href":"https:\/\/www.packr.com\/dz\/wp-json\/wp\/v2\/media?parent=10852"}],"curies":[{"name":"wp","href":"https:\/\/api.w.org\/{rel}","templated":true}]}}