{"id":839,"date":"2021-01-05T17:53:31","date_gmt":"2021-01-05T16:53:31","guid":{"rendered":"https:\/\/www.packr.com\/?page_id=839"},"modified":"2025-07-02T17:51:52","modified_gmt":"2025-07-02T15:51:52","slug":"a-propos-de-nous","status":"publish","type":"page","link":"https:\/\/www.packr.com\/fr\/a-propos-de-nous\/","title":{"rendered":"\u00c0 propos de nous"},"content":{"rendered":"<div class=\"wpb-content-wrapper\"><p>[vc_row row_height_percent=\u00a0\u00bb0&Prime; back_color=\u00a0\u00bbcolor-489153&Prime; overlay_alpha=\u00a0\u00bb50&Prime; gutter_size=\u00a0\u00bb3&Prime; column_width_percent=\u00a0\u00bb100&Prime; shift_y=\u00a0\u00bb0&Prime; z_index=\u00a0\u00bb0&Prime;][vc_column column_width_percent=\u00a0\u00bb100&Prime; gutter_size=\u00a0\u00bb2&Prime; overlay_alpha=\u00a0\u00bb50&Prime; shift_x=\u00a0\u00bb0&Prime; shift_y=\u00a0\u00bb0&Prime; shift_y_down=\u00a0\u00bb0&Prime; z_index=\u00a0\u00bb0&Prime; medium_width=\u00a0\u00bb0&Prime; mobile_width=\u00a0\u00bb0&Prime; width=\u00a0\u00bb1\/1&Prime; el_id=\u00a0\u00bbheader_cont_indus\u00a0\u00bb][vc_column_text]<span><span><a href=\"https:\/\/www.packr.com\/fr\/\">Home<\/a><\/span><\/span>[\/vc_column_text][vc_row_inner row_inner_height_percent=\u00a0\u00bb0&Prime; overlay_alpha=\u00a0\u00bb50&Prime; equal_height=\u00a0\u00bbyes\u00a0\u00bb gutter_size=\u00a0\u00bb3&Prime; shift_y=\u00a0\u00bb0&Prime; z_index=\u00a0\u00bb0&Prime; limit_content=\u00a0\u00bb\u00a0\u00bb][vc_column_inner column_width_percent=\u00a0\u00bb100&Prime; gutter_size=\u00a0\u00bb3&Prime; overlay_alpha=\u00a0\u00bb50&Prime; shift_x=\u00a0\u00bb0&Prime; shift_y=\u00a0\u00bb0&Prime; shift_y_down=\u00a0\u00bb0&Prime; z_index=\u00a0\u00bb0&Prime; medium_width=\u00a0\u00bb0&Prime; mobile_width=\u00a0\u00bb0&Prime; width=\u00a0\u00bb2\/3&Prime; css=\u00a0\u00bb.vc_custom_1609930952939{padding-top: 20px !important;}\u00a0\u00bb][vc_custom_heading heading_semantic=\u00a0\u00bbh1&Prime; text_size=\u00a0\u00bbh1&Prime; sub_lead=\u00a0\u00bbyes\u00a0\u00bb subheading=\u00a0\u00bbNotre soci\u00e9t\u00e9\u00a0\u00bb]\u00c0 propos de nous[\/vc_custom_heading][vc_column_text uncode_shortcode_id=\u00a0\u00bb960615&Prime;]Le groupe PACK\u2019R,<strong>\u00a0fabrique des remplisseuses-boucheuses<\/strong> d\u00e9di\u00e9es au conditionnement de produits liquides complexes depuis plus de 35 ans.<\/p>\n<p>Ce qui fait l&rsquo;identit\u00e9 de PACK&rsquo;R, c&rsquo;est :<\/p>\n<ul>\n<li>Plus de 1400 machines et lignes compl\u00e8tes install\u00e9es dans le monde<\/li>\n<li>Des machines PACK\u2019R d\u00e9livr\u00e9es dans plus de 50 pays (sur chaque continent)<\/li>\n<li>Les visites de sites et en support r\u00e9alis\u00e9es par des techniciens qualifi\u00e9s.<\/li>\n<\/ul>\n<p>[\/vc_column_text][\/vc_column_inner][vc_column_inner column_width_percent=\u00a0\u00bb100&Prime; position_vertical=\u00a0\u00bbmiddle\u00a0\u00bb align_horizontal=\u00a0\u00bbalign_center\u00a0\u00bb gutter_size=\u00a0\u00bb3&Prime; override_padding=\u00a0\u00bbyes\u00a0\u00bb column_padding=\u00a0\u00bb0&Prime; style=\u00a0\u00bbdark\u00a0\u00bb back_image=\u00a0\u00bb849&Prime; overlay_alpha=\u00a0\u00bb50&Prime; shift_x=\u00a0\u00bb0&Prime; shift_y=\u00a0\u00bb0&Prime; shift_y_down=\u00a0\u00bb0&Prime; z_index=\u00a0\u00bb0&Prime; medium_width=\u00a0\u00bb0&Prime; mobile_width=\u00a0\u00bb0&Prime; width=\u00a0\u00bb1\/3&Prime; el_class=\u00a0\u00bbimg-header-about\u00a0\u00bb][vc_button button_color=\u00a0\u00bbcolor-blanc\u00a0\u00bb border_width=\u00a0\u00bb0&Prime; icon=\u00a0\u00bbfa fa-play2&Prime; media_lightbox=\u00a0\u00bb3230&Prime; el_class=\u00a0\u00bbbtn_shadow\u00a0\u00bb link=\u00a0\u00bbtarget:_blank\u00a0\u00bb button_color_type=\u00a0\u00bbuncode-palette\u00a0\u00bb uncode_shortcode_id=\u00a0\u00bb128037&Prime;]Voir la vid\u00e9o[\/vc_button][\/vc_column_inner][\/vc_row_inner][\/vc_column][\/vc_row][vc_row row_height_percent=\u00a0\u00bb0&Prime; override_padding=\u00a0\u00bbyes\u00a0\u00bb h_padding=\u00a0\u00bb2&Prime; top_padding=\u00a0\u00bb3&Prime; bottom_padding=\u00a0\u00bb2&Prime; overlay_alpha=\u00a0\u00bb50&Prime; gutter_size=\u00a0\u00bb3&Prime; column_width_percent=\u00a0\u00bb100&Prime; shift_y=\u00a0\u00bb0&Prime; z_index=\u00a0\u00bb0&Prime;][vc_column column_width_percent=\u00a0\u00bb100&Prime; position_vertical=\u00a0\u00bbmiddle\u00a0\u00bb gutter_size=\u00a0\u00bb3&Prime; overlay_alpha=\u00a0\u00bb50&Prime; shift_x=\u00a0\u00bb0&Prime; shift_y=\u00a0\u00bb0&Prime; shift_y_down=\u00a0\u00bb0&Prime; z_index=\u00a0\u00bb0&Prime; medium_width=\u00a0\u00bb0&Prime; mobile_width=\u00a0\u00bb0&Prime; width=\u00a0\u00bb1\/2&Prime; el_id=\u00a0\u00bbsociete_intro_photo\u00a0\u00bb][vc_single_image media=\u00a0\u00bb867&Prime; media_width_percent=\u00a0\u00bb100&Prime;][\/vc_column][vc_column column_width_percent=\u00a0\u00bb100&Prime; position_vertical=\u00a0\u00bbmiddle\u00a0\u00bb gutter_size=\u00a0\u00bb3&Prime; overlay_alpha=\u00a0\u00bb50&Prime; shift_x=\u00a0\u00bb0&Prime; shift_y=\u00a0\u00bb0&Prime; shift_y_down=\u00a0\u00bb0&Prime; z_index=\u00a0\u00bb0&Prime; medium_width=\u00a0\u00bb0&Prime; mobile_width=\u00a0\u00bb0&Prime; width=\u00a0\u00bb1\/2&Prime;][vc_column_text uncode_shortcode_id=\u00a0\u00bb155887&Prime;]Fond\u00e9e en France <strong>en 1989<\/strong>, PACK\u2019R con\u00e7oit et fabrique des \u00e9quipements de <strong>remplissage de liquides<\/strong> pour diverses industries. Depuis nos d\u00e9buts, nous travaillons en R&amp;D constamment pour l\u2019am\u00e9lioration de nos \u00e9quipements. Nous avons entre autres d\u00e9velopp\u00e9 des machines de remplissage <strong>Monobloc<\/strong> et <strong>brevet\u00e9<\/strong> notre syst\u00e8me de bouchage Brushless, le principe Clean &amp; Play, etc.<\/p>\n<p>Aujourd&rsquo;hui, PACK\u2019R jouit d\u2019une r\u00e9putation d\u2019expert des \u00e9quipements de remplissage de liquides. Nos capacit\u00e9s de conception et de fabrication personnalis\u00e9es sont incomparables. Nous nous engageons \u00e0 fournir des machines de remplissage de la plus<strong> haute qualit\u00e9<\/strong>, soutenus par une \u00e9quipe de<strong> techniciens hautement qualifi\u00e9s<\/strong>. Nous nous effor\u00e7ons continuellement d&rsquo;atteindre notre objectif de satisfaction client \u00e0 100% pour chaque projet que nous entreprenons et chaque client avec lequel nous travaillons. Nous sommes reconnus dans le monde entier pour le d\u00e9veloppement de technologies de pointe pour des <strong>produits complexes<\/strong>, telles que nos conceptions pour atmosph\u00e8re explosive (ATEX Explosion Proof Designs).[\/vc_column_text][\/vc_column][\/vc_row][vc_row][vc_column column_width_percent=\u00a0\u00bb100&Prime; align_horizontal=\u00a0\u00bbalign_center\u00a0\u00bb gutter_size=\u00a0\u00bb3&Prime; overlay_alpha=\u00a0\u00bb50&Prime; shift_x=\u00a0\u00bb0&Prime; shift_y=\u00a0\u00bb0&Prime; shift_y_down=\u00a0\u00bb0&Prime; z_index=\u00a0\u00bb0&Prime; medium_width=\u00a0\u00bb0&Prime; mobile_width=\u00a0\u00bb0&Prime; width=\u00a0\u00bb1\/1&Prime;][vc_custom_heading text_size=\u00a0\u00bbh1&Prime; sub_lead=\u00a0\u00bbyes\u00a0\u00bb subheading=\u00a0\u00bbPACK&rsquo;R \u00e0 travers le temps\u00a0\u00bb]Notre histoire[\/vc_custom_heading][\/vc_column][\/vc_row][vc_row row_height_percent=\u00a0\u00bb0&Prime; override_padding=\u00a0\u00bbyes\u00a0\u00bb h_padding=\u00a0\u00bb2&Prime; top_padding=\u00a0\u00bb2&Prime; bottom_padding=\u00a0\u00bb4&Prime; overlay_alpha=\u00a0\u00bb50&Prime; gutter_size=\u00a0\u00bb3&Prime; column_width_percent=\u00a0\u00bb100&Prime; shift_y=\u00a0\u00bb0&Prime; z_index=\u00a0\u00bb0&Prime;][vc_column column_width_percent=\u00a0\u00bb100&Prime; gutter_size=\u00a0\u00bb3&Prime; overlay_alpha=\u00a0\u00bb50&Prime; shift_x=\u00a0\u00bb0&Prime; shift_y=\u00a0\u00bb0&Prime; shift_y_down=\u00a0\u00bb0&Prime; z_index=\u00a0\u00bb0&Prime; medium_width=\u00a0\u00bb0&Prime; mobile_width=\u00a0\u00bb0&Prime; width=\u00a0\u00bb1\/1&Prime; el_id=\u00a0\u00bbsociete_frise\u00a0\u00bb][vc_icon position=\u00a0\u00bbleft\u00a0\u00bb icon=\u00a0\u00bbfa fa-rocket2&Prime; size=\u00a0\u00bbfa-2x\u00a0\u00bb heading_semantic=\u00a0\u00bbh6&Prime; text_size=\u00a0\u00bbh5&Prime; title=\u00a0\u00bb1989&Prime;]Cr\u00e9ation de PACK&rsquo;R par Pierre GUILLON, les premi\u00e8res machines vendues furent des index\u00e9es pour l&rsquo;huile v\u00e9g\u00e9tale.[\/vc_icon][vc_icon position=\u00a0\u00bbleft\u00a0\u00bb icon=\u00a0\u00bbfa fa-checkmark-circle\u00a0\u00bb size=\u00a0\u00bbfa-2x\u00a0\u00bb heading_semantic=\u00a0\u00bbh6&Prime; text_size=\u00a0\u00bbh5&Prime; title=\u00a0\u00bb1992&Prime;]Lancement des remplisseuses-boucheuses Monobloc \u00e0 haute cadence.[\/vc_icon][vc_icon position=\u00a0\u00bbleft\u00a0\u00bb icon=\u00a0\u00bbfa fa-license\u00a0\u00bb size=\u00a0\u00bbfa-2x\u00a0\u00bb heading_semantic=\u00a0\u00bbh6&Prime; text_size=\u00a0\u00bbh5&Prime; title=\u00a0\u00bb1997&Prime;]Brevet pour le syst\u00e8me de vissage BRUSHLESS PACK&rsquo;R.[\/vc_icon][vc_icon position=\u00a0\u00bbleft\u00a0\u00bb icon=\u00a0\u00bbfa fa-apartment\u00a0\u00bb size=\u00a0\u00bbfa-2x\u00a0\u00bb heading_semantic=\u00a0\u00bbh6&Prime; text_size=\u00a0\u00bbh5&Prime; title=\u00a0\u00bb1999&Prime;]D\u00e9m\u00e9nagement dans nos locaux actuels pr\u00e8s d&rsquo;Angers en France et lancement des machines de remplissage d\u00e9di\u00e9es aux f\u00fbts.[\/vc_icon][vc_icon position=\u00a0\u00bbleft\u00a0\u00bb icon=\u00a0\u00bbfa fa-license\u00a0\u00bb size=\u00a0\u00bbfa-2x\u00a0\u00bb heading_semantic=\u00a0\u00bbh6&Prime; text_size=\u00a0\u00bbh5&Prime; title=\u00a0\u00bb2004&Prime;]Brevet pour le syst\u00e8me de nettoyage \u00ab\u00a0Clean &amp; Play\u00a0\u00bb et pour le syst\u00e8me d&rsquo;outillage \u00ab\u00a0Click &amp; Play\u00a0\u00bb.[\/vc_icon][vc_icon position=\u00a0\u00bbleft\u00a0\u00bb icon=\u00a0\u00bbfa fa-map-marker2&Prime; size=\u00a0\u00bbfa-2x\u00a0\u00bb heading_semantic=\u00a0\u00bbh6&Prime; text_size=\u00a0\u00bbh5&Prime; title=\u00a0\u00bb2008&Prime;]Cr\u00e9ation de la filiale PACK&rsquo;R North America bas\u00e9e \u00e0 Atlanta aux Etats-Unis.[\/vc_icon][vc_icon position=\u00a0\u00bbleft\u00a0\u00bb icon=\u00a0\u00bbfa fa-apartment\u00a0\u00bb size=\u00a0\u00bbfa-2x\u00a0\u00bb heading_semantic=\u00a0\u00bbh6&Prime; text_size=\u00a0\u00bbh5&Prime; title=\u00a0\u00bb2011&Prime;]Premi\u00e8re extension des b\u00e2timents des ateliers PACK&rsquo;R en France (+ 2 200m\u00b2).[\/vc_icon][vc_icon position=\u00a0\u00bbleft\u00a0\u00bb icon=\u00a0\u00bbfa fa-map-marker2&Prime; size=\u00a0\u00bbfa-2x\u00a0\u00bb heading_semantic=\u00a0\u00bbh6&Prime; text_size=\u00a0\u00bbh5&Prime; title=\u00a0\u00bb2013&Prime;]Cr\u00e9ation de la filiale PACK&rsquo;R Asia bas\u00e9e \u00e0 Singapour.[\/vc_icon][vc_icon position=\u00a0\u00bbleft\u00a0\u00bb icon=\u00a0\u00bbfa fa-apartment\u00a0\u00bb size=\u00a0\u00bbfa-2x\u00a0\u00bb heading_semantic=\u00a0\u00bbh6&Prime; text_size=\u00a0\u00bbh5&Prime; title=\u00a0\u00bb2015&Prime;]Deuxi\u00e8me extension des b\u00e2timents en France (+ 2 200m\u00b2).[\/vc_icon][vc_icon position=\u00a0\u00bbleft\u00a0\u00bb icon=\u00a0\u00bbfa fa-user3&Prime; size=\u00a0\u00bbfa-2x\u00a0\u00bb heading_semantic=\u00a0\u00bbh6&Prime; text_size=\u00a0\u00bbh5&Prime; title=\u00a0\u00bb2016&Prime;]Acquisition de PACK&rsquo;R par Didier BESSARD, PDG.[\/vc_icon][vc_icon position=\u00a0\u00bbleft\u00a0\u00bb icon=\u00a0\u00bbfa fa-apartment\u00a0\u00bb size=\u00a0\u00bbfa-2x\u00a0\u00bb heading_semantic=\u00a0\u00bbh6&Prime; text_size=\u00a0\u00bbh5&Prime; title=\u00a0\u00bb2021&Prime; uncode_shortcode_id=\u00a0\u00bb840220&Prime;]Troisi\u00e8me extension des b\u00e2timents en France (+ 2 250m\u00b2).[\/vc_icon][\/vc_column][\/vc_row][vc_row row_height_percent=\u00a0\u00bb0&Prime; override_padding=\u00a0\u00bbyes\u00a0\u00bb h_padding=\u00a0\u00bb2&Prime; top_padding=\u00a0\u00bb3&Prime; bottom_padding=\u00a0\u00bb4&Prime; back_image=\u00a0\u00bb66&Prime; back_repeat=\u00a0\u00bbno-repeat\u00a0\u00bb back_position=\u00a0\u00bbcenter center\u00a0\u00bb overlay_color=\u00a0\u00bbcolor-489153&Prime; overlay_alpha=\u00a0\u00bb80&Prime; gutter_size=\u00a0\u00bb3&Prime; column_width_percent=\u00a0\u00bb85&Prime; shift_y=\u00a0\u00bb0&Prime; z_index=\u00a0\u00bb0&Prime; el_id=\u00a0\u00bbhome_dynam\u00a0\u00bb back_size=\u00a0\u00bbcover\u00a0\u00bb][vc_column column_width_percent=\u00a0\u00bb100&Prime; align_horizontal=\u00a0\u00bbalign_center\u00a0\u00bb gutter_size=\u00a0\u00bb3&Prime; overlay_alpha=\u00a0\u00bb50&Prime; shift_x=\u00a0\u00bb0&Prime; shift_y=\u00a0\u00bb0&Prime; shift_y_down=\u00a0\u00bb0&Prime; z_index=\u00a0\u00bb0&Prime; medium_width=\u00a0\u00bb0&Prime; mobile_width=\u00a0\u00bb0&Prime; width=\u00a0\u00bb1\/1&Prime;][vc_custom_heading heading_semantic=\u00a0\u00bbh3&Prime; text_size=\u00a0\u00bbh1&Prime;]Les points forts<br \/>\n<em>de notre entreprise<\/em>[\/vc_custom_heading][vc_row_inner row_inner_height_percent=\u00a0\u00bb0&Prime; overlay_alpha=\u00a0\u00bb50&Prime; gutter_size=\u00a0\u00bb3&Prime; shift_y=\u00a0\u00bb0&Prime; z_index=\u00a0\u00bb0&Prime; limit_content=\u00a0\u00bb\u00a0\u00bb][vc_column_inner column_width_percent=\u00a0\u00bb100&Prime; align_horizontal=\u00a0\u00bbalign_center\u00a0\u00bb gutter_size=\u00a0\u00bb3&Prime; overlay_alpha=\u00a0\u00bb50&Prime; shift_x=\u00a0\u00bb0&Prime; shift_y=\u00a0\u00bb0&Prime; shift_y_down=\u00a0\u00bb0&Prime; z_index=\u00a0\u00bb0&Prime; medium_width=\u00a0\u00bb0&Prime; mobile_width=\u00a0\u00bb0&Prime; width=\u00a0\u00bb1\/3&Prime;][vc_icon icon_image=\u00a0\u00bb875&Prime; media_size=\u00a0\u00bb64&Prime; heading_semantic=\u00a0\u00bbp\u00a0\u00bb text_font=\u00a0\u00bbfont-555555&Prime; text_size=\u00a0\u00bb\u00a0\u00bb title=\u00a0\u00bbDesign\u00a0\u00bb]Pour chaque projet, une \u00e9quipe d\u2019experts PACK\u2019R travaille sur votre machine sur-mesure. Plus de 27% de nos salari\u00e9s sont des ing\u00e9nieurs dont l\u2019objectif principal est de r\u00e9pondre au mieux \u00e0 votre projet.[\/vc_icon][\/vc_column_inner][vc_column_inner column_width_percent=\u00a0\u00bb100&Prime; align_horizontal=\u00a0\u00bbalign_center\u00a0\u00bb gutter_size=\u00a0\u00bb3&Prime; overlay_alpha=\u00a0\u00bb50&Prime; shift_x=\u00a0\u00bb0&Prime; shift_y=\u00a0\u00bb0&Prime; shift_y_down=\u00a0\u00bb0&Prime; z_index=\u00a0\u00bb0&Prime; medium_width=\u00a0\u00bb0&Prime; mobile_width=\u00a0\u00bb0&Prime; width=\u00a0\u00bb1\/3&Prime;][vc_icon icon_image=\u00a0\u00bb877&Prime; media_size=\u00a0\u00bb79&Prime; heading_semantic=\u00a0\u00bbp\u00a0\u00bb text_font=\u00a0\u00bbfont-555555&Prime; text_size=\u00a0\u00bb\u00a0\u00bb title=\u00a0\u00bbProduction\u00a0\u00bb]PACK\u2019R s\u2019engage \u00e0 vous d\u00e9livrer des remplisseuses-boucheuses et des services de haute qualit\u00e9. Nos cha\u00eenes de productions nous permettent de nous adapter \u00e0 toutes vos demandes.[\/vc_icon][\/vc_column_inner][vc_column_inner column_width_percent=\u00a0\u00bb100&Prime; align_horizontal=\u00a0\u00bbalign_center\u00a0\u00bb gutter_size=\u00a0\u00bb3&Prime; overlay_alpha=\u00a0\u00bb50&Prime; shift_x=\u00a0\u00bb0&Prime; shift_y=\u00a0\u00bb0&Prime; shift_y_down=\u00a0\u00bb0&Prime; z_index=\u00a0\u00bb0&Prime; medium_width=\u00a0\u00bb0&Prime; mobile_width=\u00a0\u00bb0&Prime; width=\u00a0\u00bb1\/3&Prime;][vc_icon icon_image=\u00a0\u00bb879&Prime; media_size=\u00a0\u00bb62&Prime; heading_semantic=\u00a0\u00bbp\u00a0\u00bb text_font=\u00a0\u00bbfont-555555&Prime; text_size=\u00a0\u00bb\u00a0\u00bb title=\u00a0\u00bbService\u00a0\u00bb]La Satisfaction Client est notre but principal en passant par un support de qualit\u00e9 et l\u2019am\u00e9lioration de vos \u00e9quipements. Nos \u00e9quipes partout dans le monde sont l\u00e0 pour r\u00e9pondre \u00e0 vos attentes.[\/vc_icon][\/vc_column_inner][\/vc_row_inner][\/vc_column][\/vc_row]<\/p>\n<\/div>","protected":false},"excerpt":{"rendered":"<p>[vc_row row_height_percent=\u00a0\u00bb0&Prime; back_color=\u00a0\u00bbcolor-489153&Prime; overlay_alpha=\u00a0\u00bb50&Prime; gutter_size=\u00a0\u00bb3&Prime; column_width_percent=\u00a0\u00bb100&Prime; shift_y=\u00a0\u00bb0&Prime; z_index=\u00a0\u00bb0&Prime;][vc_column column_width_percent=\u00a0\u00bb100&Prime; gutter_size=\u00a0\u00bb2&Prime; overlay_alpha=\u00a0\u00bb50&Prime; shift_x=\u00a0\u00bb0&Prime; shift_y=\u00a0\u00bb0&Prime; shift_y_down=\u00a0\u00bb0&Prime; z_index=\u00a0\u00bb0&Prime; medium_width=\u00a0\u00bb0&Prime; mobile_width=\u00a0\u00bb0&Prime; width=\u00a0\u00bb1\/1&Prime; el_id=\u00a0\u00bbheader_cont_indus\u00a0\u00bb][vc_column_text][\/vc_column_text][vc_row_inner row_inner_height_percent=\u00a0\u00bb0&Prime; [&hellip;]<\/p>\n","protected":false},"author":1,"featured_media":0,"parent":0,"menu_order":0,"comment_status":"closed","ping_status":"closed","template":"","meta":{"_acf_changed":false,"footnotes":""},"class_list":["post-839","page","type-page","status-publish","hentry"],"acf":[],"yoast_head":"<!-- This site is optimized with the Yoast SEO plugin v25.6 - https:\/\/yoast.com\/wordpress\/plugins\/seo\/ -->\n<title>Sp\u00e9cialiste des machines remplisseuses-boucheuses depuis 1989 - PACKR<\/title>\n<meta name=\"description\" content=\"PACK&#039;R con\u00e7oit et fabrique des machines de conditionnement et remplissage pour les produits liquides depuis plus de 25 ans.\" \/>\n<meta name=\"robots\" content=\"index, follow, max-snippet:-1, max-image-preview:large, max-video-preview:-1\" \/>\n<link rel=\"canonical\" href=\"https:\/\/www.packr.com\/fr\/a-propos-de-nous\/\" \/>\n<meta property=\"og:locale\" content=\"fr_FR\" \/>\n<meta property=\"og:type\" content=\"article\" \/>\n<meta property=\"og:title\" content=\"Sp\u00e9cialiste des machines remplisseuses-boucheuses depuis 1989 - PACKR\" \/>\n<meta property=\"og:description\" content=\"PACK&#039;R con\u00e7oit et fabrique des machines de conditionnement et remplissage pour les produits liquides depuis plus de 25 ans.\" \/>\n<meta property=\"og:url\" content=\"https:\/\/www.packr.com\/fr\/a-propos-de-nous\/\" \/>\n<meta property=\"og:site_name\" content=\"PACKR\" \/>\n<meta property=\"article:modified_time\" content=\"2025-07-02T15:51:52+00:00\" \/>\n<meta name=\"twitter:card\" content=\"summary_large_image\" \/>\n<meta name=\"twitter:label1\" content=\"Dur\u00e9e de lecture estim\u00e9e\" \/>\n\t<meta name=\"twitter:data1\" content=\"4 minutes\" \/>\n<script type=\"application\/ld+json\" class=\"yoast-schema-graph\">{\"@context\":\"https:\/\/schema.org\",\"@graph\":[{\"@type\":\"WebPage\",\"@id\":\"https:\/\/www.packr.com\/fr\/a-propos-de-nous\/\",\"url\":\"https:\/\/www.packr.com\/fr\/a-propos-de-nous\/\",\"name\":\"Sp\u00e9cialiste des machines remplisseuses-boucheuses depuis 1989 - PACKR\",\"isPartOf\":{\"@id\":\"https:\/\/www.packr.com\/fr\/#website\"},\"datePublished\":\"2021-01-05T16:53:31+00:00\",\"dateModified\":\"2025-07-02T15:51:52+00:00\",\"description\":\"PACK'R con\u00e7oit et fabrique des machines de conditionnement et remplissage pour les produits liquides depuis plus de 25 ans.\",\"breadcrumb\":{\"@id\":\"https:\/\/www.packr.com\/fr\/a-propos-de-nous\/#breadcrumb\"},\"inLanguage\":\"fr-FR\",\"potentialAction\":[{\"@type\":\"ReadAction\",\"target\":[\"https:\/\/www.packr.com\/fr\/a-propos-de-nous\/\"]}]},{\"@type\":\"BreadcrumbList\",\"@id\":\"https:\/\/www.packr.com\/fr\/a-propos-de-nous\/#breadcrumb\",\"itemListElement\":[{\"@type\":\"ListItem\",\"position\":1,\"name\":\"Home\",\"item\":\"https:\/\/www.packr.com\/fr\/\"},{\"@type\":\"ListItem\",\"position\":2,\"name\":\"\u00c0 propos de nous\"}]},{\"@type\":\"WebSite\",\"@id\":\"https:\/\/www.packr.com\/fr\/#website\",\"url\":\"https:\/\/www.packr.com\/fr\/\",\"name\":\"PACKR\",\"description\":\"Filling Solutions\",\"publisher\":{\"@id\":\"https:\/\/www.packr.com\/fr\/#organization\"},\"potentialAction\":[{\"@type\":\"SearchAction\",\"target\":{\"@type\":\"EntryPoint\",\"urlTemplate\":\"https:\/\/www.packr.com\/fr\/?s={search_term_string}\"},\"query-input\":{\"@type\":\"PropertyValueSpecification\",\"valueRequired\":true,\"valueName\":\"search_term_string\"}}],\"inLanguage\":\"fr-FR\"},{\"@type\":\"Organization\",\"@id\":\"https:\/\/www.packr.com\/fr\/#organization\",\"name\":\"PACKR\",\"url\":\"https:\/\/www.packr.com\/fr\/\",\"logo\":{\"@type\":\"ImageObject\",\"inLanguage\":\"fr-FR\",\"@id\":\"https:\/\/www.packr.com\/fr\/#\/schema\/logo\/image\/\",\"url\":\"https:\/\/www.packr.com\/wp-content\/uploads\/2020\/12\/logo_packr.svg\",\"contentUrl\":\"https:\/\/www.packr.com\/wp-content\/uploads\/2020\/12\/logo_packr.svg\",\"width\":270,\"height\":855,\"caption\":\"PACKR\"},\"image\":{\"@id\":\"https:\/\/www.packr.com\/fr\/#\/schema\/logo\/image\/\"}}]}<\/script>\n<!-- \/ Yoast SEO plugin. -->","yoast_head_json":{"title":"Sp\u00e9cialiste des machines remplisseuses-boucheuses depuis 1989 - PACKR","description":"PACK'R con\u00e7oit et fabrique des machines de conditionnement et remplissage pour les produits liquides depuis plus de 25 ans.","robots":{"index":"index","follow":"follow","max-snippet":"max-snippet:-1","max-image-preview":"max-image-preview:large","max-video-preview":"max-video-preview:-1"},"canonical":"https:\/\/www.packr.com\/fr\/a-propos-de-nous\/","og_locale":"fr_FR","og_type":"article","og_title":"Sp\u00e9cialiste des machines remplisseuses-boucheuses depuis 1989 - PACKR","og_description":"PACK'R con\u00e7oit et fabrique des machines de conditionnement et remplissage pour les produits liquides depuis plus de 25 ans.","og_url":"https:\/\/www.packr.com\/fr\/a-propos-de-nous\/","og_site_name":"PACKR","article_modified_time":"2025-07-02T15:51:52+00:00","twitter_card":"summary_large_image","twitter_misc":{"Dur\u00e9e de lecture estim\u00e9e":"4 minutes"},"schema":{"@context":"https:\/\/schema.org","@graph":[{"@type":"WebPage","@id":"https:\/\/www.packr.com\/fr\/a-propos-de-nous\/","url":"https:\/\/www.packr.com\/fr\/a-propos-de-nous\/","name":"Sp\u00e9cialiste des machines remplisseuses-boucheuses depuis 1989 - PACKR","isPartOf":{"@id":"https:\/\/www.packr.com\/fr\/#website"},"datePublished":"2021-01-05T16:53:31+00:00","dateModified":"2025-07-02T15:51:52+00:00","description":"PACK'R con\u00e7oit et fabrique des machines de conditionnement et remplissage pour les produits liquides depuis plus de 25 ans.","breadcrumb":{"@id":"https:\/\/www.packr.com\/fr\/a-propos-de-nous\/#breadcrumb"},"inLanguage":"fr-FR","potentialAction":[{"@type":"ReadAction","target":["https:\/\/www.packr.com\/fr\/a-propos-de-nous\/"]}]},{"@type":"BreadcrumbList","@id":"https:\/\/www.packr.com\/fr\/a-propos-de-nous\/#breadcrumb","itemListElement":[{"@type":"ListItem","position":1,"name":"Home","item":"https:\/\/www.packr.com\/fr\/"},{"@type":"ListItem","position":2,"name":"\u00c0 propos de nous"}]},{"@type":"WebSite","@id":"https:\/\/www.packr.com\/fr\/#website","url":"https:\/\/www.packr.com\/fr\/","name":"PACKR","description":"Filling Solutions","publisher":{"@id":"https:\/\/www.packr.com\/fr\/#organization"},"potentialAction":[{"@type":"SearchAction","target":{"@type":"EntryPoint","urlTemplate":"https:\/\/www.packr.com\/fr\/?s={search_term_string}"},"query-input":{"@type":"PropertyValueSpecification","valueRequired":true,"valueName":"search_term_string"}}],"inLanguage":"fr-FR"},{"@type":"Organization","@id":"https:\/\/www.packr.com\/fr\/#organization","name":"PACKR","url":"https:\/\/www.packr.com\/fr\/","logo":{"@type":"ImageObject","inLanguage":"fr-FR","@id":"https:\/\/www.packr.com\/fr\/#\/schema\/logo\/image\/","url":"https:\/\/www.packr.com\/wp-content\/uploads\/2020\/12\/logo_packr.svg","contentUrl":"https:\/\/www.packr.com\/wp-content\/uploads\/2020\/12\/logo_packr.svg","width":270,"height":855,"caption":"PACKR"},"image":{"@id":"https:\/\/www.packr.com\/fr\/#\/schema\/logo\/image\/"}}]}},"_links":{"self":[{"href":"https:\/\/www.packr.com\/fr\/wp-json\/wp\/v2\/pages\/839"}],"collection":[{"href":"https:\/\/www.packr.com\/fr\/wp-json\/wp\/v2\/pages"}],"about":[{"href":"https:\/\/www.packr.com\/fr\/wp-json\/wp\/v2\/types\/page"}],"author":[{"embeddable":true,"href":"https:\/\/www.packr.com\/fr\/wp-json\/wp\/v2\/users\/1"}],"replies":[{"embeddable":true,"href":"https:\/\/www.packr.com\/fr\/wp-json\/wp\/v2\/comments?post=839"}],"version-history":[{"count":45,"href":"https:\/\/www.packr.com\/fr\/wp-json\/wp\/v2\/pages\/839\/revisions"}],"predecessor-version":[{"id":9678,"href":"https:\/\/www.packr.com\/fr\/wp-json\/wp\/v2\/pages\/839\/revisions\/9678"}],"wp:attachment":[{"href":"https:\/\/www.packr.com\/fr\/wp-json\/wp\/v2\/media?parent=839"}],"curies":[{"name":"wp","href":"https:\/\/api.w.org\/{rel}","templated":true}]}}